{"id":15263,"date":"2025-07-07T11:05:16","date_gmt":"2025-07-07T09:05:16","guid":{"rendered":"https:\/\/www.soziologie.phil.fau.de\/?page_id=15263"},"modified":"2025-10-14T10:52:42","modified_gmt":"2025-10-14T08:52:42","slug":"steets","status":"publish","type":"page","link":"https:\/\/www.soziologie.phil.fau.de\/en\/institut\/team\/steets\/","title":{"rendered":"Prof. Dr. Silke Steets"},"content":{"rendered":"<aside class=\"pull-right\">\n\n<p><\/p>\n\n\n<div class=\"faudir\">\r\n    <div class=\"format-card\">\r\n            <\/div>\r\n    <\/div>\n<\/aside>\n\n\n<h3 class=\"wp-block-heading\"><strong>Main Areas of Research<\/strong><\/h3>\n\n\n\n<ul class=\"wp-block-list\">\n<li>Sociological Theory (special focus on sociology of knowledge) and history of sociology<\/li>\n\n\n\n<li>Sociology of religion<\/li>\n\n\n\n<li>Sociology of architecture<\/li>\n\n\n\n<li>&nbsp;Sociology of cities and room<\/li>\n\n\n\n<li>Qualitative research methods<\/li>\n<\/ul>\n\n\n\n<h3 class=\"wp-block-heading\">Curriculum Vitae<\/h3>\n\n\n\n<figure class=\"wp-block-table\"><table class=\"has-fixed-layout\"><tbody><tr><td>since 10\/2019<\/td><td>Chair for sociological theory at the institute of sociology at the university of Erlangen-Nuremberg<\/td><\/tr><tr><td>05\/2017&#8211;09\/2019<\/td><td>Heisenberg-Scholarship at the institute of cultural science at the university of Leipzig<\/td><\/tr><tr><td>09\/2018&#8211;05\/2019<\/td><td>Guest researcher at the  School of Economic, Political and Policy Sciences der UT Dallas (USA)<\/td><\/tr><tr><td>2016 \u2013 2017<\/td><td>Coordination of the development of a SFB-establishment-coordnation at the TU Berlin<\/td><\/tr><tr><td>2013 \u2013 2015<\/td><td>Substitute of the W3-professorship of sociology with a focus on the sociology of cities and room at the TU Darmstadt<\/td><\/tr><tr><td>2002 \u2013 2013<\/td><td>Academic staff at the institute of sociology at the TU Darmstadt<\/td><\/tr><tr><td>2013<\/td><td>PhD in social and historical sciences at the TU Darmstadt (venia legendi Soziologie)<br>PhD: <em>Der sinnhafte Aufbau der gebauten Welt: Entwurf einer wissenssoziologischen Architekturtheorie<\/em> <\/td><\/tr><tr><td>2012<\/td><td>Visiting Scholar and guest of Prof. Dr. Peter L. Berger at the Institute on Culture, Religion and World Affairs der Boston University, USA (as DAAD Post Doc-Scholarship)<\/td><\/tr><tr><td>2007<\/td><td>Promotion as Dr. phil. at the TU Darmstadt (summa cum laude)<br>Dissertation: <em>Wenn Leipzig nicht Dornr\u00f6schen ist\u2026 Zur Konstitution st\u00e4dtischer R\u00e4ume durch kulturelle Netzwerke<\/em><\/td><\/tr><tr><td>2000 \u2013 2001<\/td><td>Postgraduate-college Event City at the Stiftung Bauhaus Dessau<\/td><\/tr><tr><td>2000<\/td><td>Study of philosophy at the Graduate School at Saint Louis<br>University, USA<\/td><\/tr><tr><td>1993 \u2013 1999<\/td><td>Study of sociology, philosophy and economics at the Johann Wolfgang Goethe-Universit\u00e4t Frankfurt am Main<\/td><\/tr><\/tbody><\/table><\/figure>\n\n\n<div class=\"wp-block-rrze-elements-collapsibles \"><div class=\"accordion\">\n<div class=\"wp-block-rrze-elements-collapse \"><div class=\"accordion-group \"><h2 class=\"accordion-heading\"><button class=\"accordion-toggle\" data-toggle=\"collapse\" data-name=\"publications\" data-href=\"#publications\" type=\"button\" aria-expanded=\"false\" aria-controls=\"publications-section\" id=\"publications\">Publications<\/button><\/h2><div id=\"publications-section\" class=\"accordion-body \" aria-labelledby=\"publications\" role=\"region\" name=\"publications\"><div class=\"accordion-inner clearfix\">\n<div class=\"\"><div class=\"accordion\">\n<div class=\"\"><div class=\"accordion-group inherit\"><h3 class=\"accordion-heading\"><span class=\"read-mode-only\">Monographies<\/span><button class=\"accordion-toggle\" data-toggle=\"collapse\" data-name=\"monographies\" data-href=\"#monographies\" type=\"button\" aria-expanded=\"false\" aria-controls=\"monographies\">Monographies<\/button><\/h3><div id=\"monographies\" class=\"accordion-body\" aria-labelledby=\"monographies\" role=\"region\"><div class=\"accordion-inner clearfix\">\n\n<p>Far\u00edas, Ignacio\/ L\u00f6w, Martina\/ Schmidt-Lux, Thomas\/ Steets, Silke (2023): Kultursoziologische Stadtforschung. Grundlagen &#8211; Analysen &#8211; Perspektiven. Frankfurt a.M.\/ New York, Campus. <a href=\"https:\/\/www.campus.de\/e-books\/wissenschaft\/soziologie\/kultursoziologische_stadtforschung-17916.html\">Open Access<\/a>.<br \/>\nSteets, Silke (2015):<br \/>Der sinnhafte Aufbau der gebauten Welt. Eine Architektursoziologie. Berlin, Suhrkamp (stw 2139).<br \/>\nSteets, Silke (2008):<br \/>\u00bbWir sind die Stadt!\u00ab Kulturelle Netzwerke und die Konstitution st\u00e4dtischer R\u00e4ume in Leipzig. Frankfurt a. M.\/ New York, Campus.<\/p>\n\n<\/div><\/div><\/div><\/div>\n\n<div class=\"\"><div class=\"accordion-group inherit\"><h3 class=\"accordion-heading\"><span class=\"read-mode-only\">Textbooks<\/span><button class=\"accordion-toggle\" data-toggle=\"collapse\" data-name=\"textbooks\" data-href=\"#textbooks\" type=\"button\" aria-expanded=\"false\" aria-controls=\"textbooks\">Textbooks<\/button><\/h3><div id=\"textbooks\" class=\"accordion-body\" aria-labelledby=\"textbooks\" role=\"region\"><div class=\"accordion-inner clearfix\">\n\n<p>Meier, Lars\/ Steets, Silke\/ Frers, Lars (2018):<br \/>Theoretische Positionen der Stadtsoziologie. Weinheim, Beltz Juventa.<br \/>\nL\u00f6w, Martina\/ Steets, Silke\/ Stoetzer, Sergej (2007):<br \/>Einf\u00fchrung in die Stadt- und Raumsoziologie. Opladen, Barbara Budrich (2. Aufl. 2008).<\/p>\n\n<\/div><\/div><\/div><\/div>\n\n<div class=\"\"><div class=\"accordion-group inherit\"><h3 class=\"accordion-heading\"><span class=\"read-mode-only\">Editorships<\/span><button class=\"accordion-toggle\" data-toggle=\"collapse\" data-name=\"editorships\" data-href=\"#editorships\" type=\"button\" aria-expanded=\"false\" aria-controls=\"editorships\">Editorships<\/button><\/h3><div id=\"editorships\" class=\"accordion-body\" aria-labelledby=\"editorships\" role=\"region\"><div class=\"accordion-inner clearfix\">\n\n<p class=\"western\">Wolfram Wei\u00dfe\/ Silke Steets (Hrsg.) (2019):<br \/>Im Gespr\u00e4ch mit Peter L. Berger: Eine Gedenkschrift zu den Perspektiven und Grenzen religi\u00f6ser Pluralit\u00e4t. M\u00fcnster\/ New York, Waxmann.<br \/>\nBerking, Helmuth\/ Steets, Silke\/ Schwenk, Jochen (Hrsg.) (2018):<br \/>Religious Pluralism and the City: Inquiries into Postsecular Urbanism. London, Bloomsbury.<br \/>\nBerger, Peter L.\/ Steets, Silke\/ Wei\u00dfe, Wolfram (Hrsg) (2017):<br \/>Zwei Pluralismen: Positionen aus Sozialwissenschaft und Theologie zu religi\u00f6ser Vielfal und S\u00e4kularit\u00e4t. M\u00fcnster\/ New York, Waxmann.<br \/>\nGrubbauer, Monika\/ Steets, Silke (Hrsg) (2014):<br \/>The Making of Architects: Knowledge Production and Legitimation in Education\u00a0and Professional Practice.\u00a0Special Issue der Zeitschrift <i>Architectural Theory Review<\/i>\u00a019, Heft 1.<br \/>\nFrank, Sybille\/ Steets, Silke (Hrsg) (2010):<br \/>Stadium Worlds \u2013 Football, Space and the Built Environment. London\/ New York, Routledge.<br \/>\nBerking, Helmuth\/ Frank, Sybille\/ Frers, Lars\/ L\u00f6w, Martina\/ Meier, Lars\/ Steets, Silke\/ Stoetzer, Sergej (Hrsg) (2006):<br \/>Negotiating Urban Conflicts. Interaction, Space and Control. Bielefeld, transcript.<br \/>\nKrehl, Reinhard\/ Steets, Silke\/ Wenzel, Jan (Hrsg) (2005):<br \/>Leipzig Protestatlas. Text. Bild. Karte. Leipzig, General Panel f\u00fcr Experimentale e.V.<\/p>\n\n<\/div><\/div><\/div><\/div>\n\n<div class=\"\"><div class=\"accordion-group inherit\"><h3 class=\"accordion-heading\"><span class=\"read-mode-only\">Essays in journals and anthologies<\/span><button class=\"accordion-toggle\" data-toggle=\"collapse\" data-name=\"essays-in-journals-and-anthologies\" data-href=\"#essays-in-journals-and-anthologies\" type=\"button\" aria-expanded=\"false\" aria-controls=\"essays-in-journals-and-anthologies\">Essays in journals and anthologies<\/button><\/h3><div id=\"essays-in-journals-and-anthologies\" class=\"accordion-body\" aria-labelledby=\"essays-in-journals-and-anthologies\" role=\"region\"><div class=\"accordion-inner clearfix\">\n\n<p><b><\/b><br \/>\nAntony, Alexander\/ Steets, Silke \/Pfadenhauer, Michaela (2022):<br \/>Politics of Crisis: Threatening and Defending Journalistic Expertise \u2013 A Processual Account. In: Symbolic Interaction. Online first. Open Access unter:\u00a0<a href=\"https:\/\/onlinelibrary.wiley.com\/doi\/10.1002\/symb.598\">https:\/\/onlinelibrary.wiley.com\/doi\/10.1002\/symb.598<\/a><br \/>\nSteets, Silke\/ Schmidt-Lux, Thomas (2022):<br \/>Architektur und Geb\u00e4ude. In: Nina Baur &amp; J\u00f6rg Blasius (Hrsg.): Handbuch Methoden der empirischen Sozialforschung. 3. Auflage. Wiesbaden: Springer VS. S. 1635-1642.<br \/>\nKnoblauch, Hubert\/ Steets, Silke (2022):<br \/>From the Constitution to the Communicative Construction of Space. In: Christmann, Gabriela B.\/ Knoblauch, Hubert\/ L\u00f6w, Martina (Hrsg): Communicative Constructions and the Refiguration of Spaces. Theoretical Approaches and Empirical Studies. London\/New York, Routledge. S. 19\u201335. Open Access unter:\u00a0<a href=\"https:\/\/www.taylorfrancis.com\/books\/oa-edit\/10.4324\/9780367817183\/communicative-constructions-refiguration-spaces-gabriela-christmann-martina-l\u00f6w-hubert-knoblauch\">https:\/\/www.taylorfrancis.com\/books\/oa-edit\/10.4324\/9780367817183\/communicative-constructions-refiguration-spaces-gabriela-christmann-martina-l\u00f6w-hubert-knoblauch<\/a><br \/>\nSteets, Silke (2021):<br \/>Fixing Up Waco, Texas: Popul\u00e4re Religion, das Sentimentale und die Refiguration von R\u00e4umen. In:\u00a0<em>Zeitschrift f\u00fcr Religion, Gesellschaft und Politik<\/em>\u00a05. S. 141-170. Open Access unter:\u00a0<a href=\"https:\/\/link.springer.com\/article\/10.1007\/s41682-021-00093-x\">https:\/\/link.springer.com\/article\/10.1007\/s41682-021-00093-x<\/a><br \/>\nSteets, Silke (2021):<br \/>Die Dualit\u00e4t von Leib und K\u00f6rper und die Strukturen der Lebenswelt. In: Jochen Dreher (Hrsg.): Mathesis universalis \u2013 Die aktuelle Relevanz der \u00bbStrukturen der Lebenswelt\u00ab. Wiesbaden, Springer VS. S. 97-112.<br \/>\nSteets, Silke (2021):<br \/>Die Politik fragiler Wissensordnungen. Donald Trump und das Problem der Realit\u00e4t. In: Jahrbuch f\u00fcr Europ\u00e4ische Ethnologie 15. Leiden, Brill. S. 233-247.<br \/>\nKnoblauch, Hubert\/ Steets, Silke (2021):<br \/>Die Objektivation der Sprache: Von der alten zur neuen Soziologie der Sprache. In: Birgit Bl\u00e4ttel-Mink (Hrsg.): Gesellschaft unter Spannung. Verhandlungen des 40. Kongresses der Deutschen Gesellschaft f\u00fcr Soziologie 2020. Online:\u00a0<a href=\"https:\/\/publikationen.soziologie.de\/index.php\/kongressband_2020\/article\/view\/1426\">https:\/\/publikationen.soziologie.de\/index.php\/kongressband_2020\/article\/view\/1426<\/a><br \/>\nSteets, Silke (2021):<br \/>Spannungen zwischen Religion und Stadt: Ein raumsoziologischer Vermittlungsversuch. In: Birgit Bl\u00e4ttel-Mink (Hrsg.): Gesellschaft unter Spannung. Verhandlungen des 40. Kongresses der Deutschen Gesellschaft f\u00fcr Soziologie 2020. Online:\u00a0<a href=\"https:\/\/publikationen.soziologie.de\/index.php\/kongressband_2020\/article\/view\/1425\">https:\/\/publikationen.soziologie.de\/index.php\/kongressband_2020\/article\/view\/1425<\/a><br \/>\nKnoblauch, Hubert\/ Steets, Silke (2020):<br \/>Von der Konstitution zur kommunikativen Konstruktion von Raum. In: Reichertz, Jo (Hrsg): Grenzen der Kommunikation \u2013 Kommunikation an den Grenzen. Weilerwist, Velbr\u00fcck. S. 134\u2013148.<br \/>\nSteets, Silke (2020):<br \/>Kognitive Minderheiten in Leipzig und Dallas: Zur Aktualisierung eines religionssoziologischen Konzepts von Peter L. Berger. In: Knoblauch, Hubert (Hrsg.): Die Re-Figuration der Religion. Perspektiven der Religionssoziologie und der Religionswissenschaft. Weinheim, Beltz-Juventa. S. 129_146.<br \/>\nSteets, Silke (2020):<br \/>Wenn Atheisten beten: Zur rituellen Herstellung des G\u00f6ttlichen im Sunday Service einer unitarischen Gemeinde in Dallas, Texas. In: Poferl, Angelika\/ Schr\u00f6er, Norbert\/ Hitzler, Ronald\/Klemm, Matthias\/ Kreher, Simone (Hrsg.): Ethnographie der Situation: Erkundungen sinnhaft eingrenzbarer Feldgegebenheiten. Essen, Oldib-Verlag, S. 284\u2013295.<br \/>\nSteets, Silke\/ Schmidt-Lux, Thomas (2019): Die Hermeneutische Wissenssoziologie nach dem material turn: Theoretisch-methodologische \u00dcberlegungen zur Erforschung der gebauten Welt. In: Hitzler, Ronald\/ Reicherts, Jo\/ Schr\u00f6er, Norbert (Hrsg.), <em>Kritik der Hermeneutischen Wissenssoziologie<\/em>. Weinheim: Beltz-Juventa. S. 230\u2013242.<br \/>\nSteets, Silke (2019): Die Relationalit\u00e4t des Sozialen: Von <b>\u203a<\/b>dicken\u2039 und \u203ad\u00fcnnen\u2039 Subjekten und der Soziologie als kopernikanischem Sonnensystem. In: <i>Zeitschrift f\u00fcr Qualitative Forschung<\/i> 20, Heft 1. S. 127\u2013140. https:\/\/doi.org\/10.3224\/zqf.v20i1.10.<br \/>\nSteets, Silke (2019): Doppelpass. In: Bernt Schnettler\/ Ren\u00e9 Tuma\/ Dirk vom Lehn\/ Boris Traue\/ Thomas S. Eberle (Hrsg.), Kleines Al(e)phabet des Kommunikativen Konstruktivismus. Wiesbaden: Springer VS. S. 80\u201385.<br \/>\nSteets, Silke (2019): \u00bbAnd then I put on a different hat&#8230;\u00ab: \u00dcber das Verh\u00e4ltnis von Soziologie und Theologie im Werk Peter L. Bergers. In: Wolfram Wei\u00dfe\/ Silke Steets (Hrsg.), Im Gespr\u00e4ch mit Peter L. Berger: Eine Gedenkschrift zu den Perspektiven und Grenzen religi\u00f6ser Pluralit\u00e4t. M\u00fcnster\/ New York, Waxmann. S. 15\u201331.<br \/>\nSteets, Silke (2019): Keller. In: J\u00fcrgen Hasse\/ Verena Schreibenr (Hrsg.), R\u00e4ume der Kindheit. Ein Glossar. Bielefeld, transcript. S. 138\u2013144.<br \/>\nKnoblauch, Hubert\/ Steets, Silke (2018):<br \/>Dialektik und Dialog im Dazwischen: Nekrolog auf Peter L. Berger und Thomas Luckmann. In: <em>Berliner Journal f\u00fcr Soziologie<\/em> 27, Heft 3\/4: 595\u2013601.<br \/>\nKnoblauch, Hubert\/ Steets, Silke (2018):<br \/>Sacred Canopies and Invisible Religions: The Dialectical Construction of Religion in Berger and Luckmann. In: Hjelm, Titus (Hrsg.): Peter L. Berger and the Sociology of Religion. 50 Years After The Sacred Canopy. London\/New York, Bloomsbury, S. 85\u2013101.<br \/>\nSteets, Silke (2017):<br \/>Seductive Atmospheres, Conflicting Symbols: Religious Landmark Buildings in Diverse Societies. In: <a href=\"https:\/\/www.erudit.org\/fr\/revues\/euro\/2017-v12-n1-euro03056\/1041666ar\/\" target=\"_blank\" rel=\"noopener noreferrer\"><em>Eurostudia \u2013 Revue Transatlantique de Recherche sur l\u2019Europe<\/em><\/a> 12, Heft 1: 125\u2013135. [Open Access Journal].<br \/>\nSteets, Silke\/ Knoblauch, Hubert (2017):<br \/>Nachruf auf Peter Ludwig Berger (17.03.1929-27.06.2017). In: <em>K\u00f6lner Zeitschrift f\u00fcr Soziologie und Sozialpsychologie<\/em> 69: 545\u201348.<br \/>\nSteets, Silke (2017):<br \/>Pluralismus im Bewusstsein und die Struktur kognitiver Minderheiten. In: Peter L. Berger\/ Silke Steets\/ Wolfram Wei\u00dfe (Hrsg.), Zwei Pluralismen: Positionen aus Sozialwissenschaft und Theologie zu religi\u00f6ser Vielfalt und S\u00e4kularit\u00e4t. M\u00fcnster\/ New York, Waxmann. S. 179\u2013190.<br \/>\nSteets, Silke (2016):<br \/>Raum. In: Robert Gugutzer\/ Gabriele Klein\/ Michael Meuser\u00a0(Hrsg.), Handbuch K\u00f6rpersoziologie. Band 1. Grundbegriffe und theoretische Perspektiven. Wiesbaden, Springer VS. S. 97\u2013101.<br \/>\nSteets, Silke (2016):<br \/>Playing Chamber Music at a Rock Festival? \u2013 <em>The Social Construction of Reality <\/em>in US Sociology. In: <em>Human Studies<\/em>\u00a039, Heft\u00a01.\u00a0S. 71\u201391.<br \/>\nSteets, Silke (2016):<br \/>What Makes People Tick? What Makes a Society Tick? And Is a Theory Useful for Understanding?: An Interview with Peter L. Berger. In: <em>Human Studies\u00a0<\/em>39, Heft 1.\u00a0S. 7\u201325.<br \/>\nSteets, Silke (2016):<br \/>Taking Berger and Luckmann to the Realm of Materiality: Architecture as a Social Construction.\u00a0In:\u00a0<i>Cultural Sociology<\/i>\u00a010, Heft 1. S. 93-108.<br \/>\nSteets, Silke (2015):<br \/>Spielen, Jubeln und Feiern im Stadion: \u00dcber den Zusammenhang von Architektur und rituellen Verk\u00f6rperungen im Fu\u00dfball. In: Robert Gugutzer\/ Michael Staack (Hrsg.), K\u00f6rper und Ritual. Sozial- und kulturwissenschaftliche Zug\u00e4nge und Analysen. Wiesbaden, Springer VS. S. 55\u201370.<br \/>\nL\u00f6w, Martina\/ Steets, Silke (2014):<br \/>The Spatial Turn and the Built Environment. In: Alexandros-Andreas Kyrtsis\/ Sokratis Koniordos (Hrsg.), Handbook of European Sociology. London\/ New York, Routledge. S. 211\u2013224.<br \/>\nGrubbauer, Monika\/ Steets, Silke (2014):<br \/>Editorial \u2013\u00a0The Making of Architects: Knowledge Production and Legitimation in Educational and Professional Practice. In: <i>Architectural Theory Review<\/i>\u00a019, Heft\u00a01. S. 1-14.<br \/>\nSteets, Silke (2014):<br \/>Multiple Realities and Religion. A Sociological Approach.\u00a0In:\u00a0<i>Society<\/i>\u00a051, Heft 2. S. 140-144.<br \/>\nFrank, Sybille\/ Schwenk, Jochen\/ Steets, Silke\/ Weidenhaus, Gunter (2013):<br \/>Der aktuelle Perspektivenstreit in der Stadtsoziologie. In: <i>Leviathan. Berliner Zeitschrift f\u00fcr Sozialwissenschaft<\/i> 41, Heft 2. S. 197\u2013223.<br \/>\nFrank, Sybille\/ Schwenk, Jochen\/ Steets, Silke\/ Weidenhaus, Gunter (2013):<br \/>St\u00e4dte und ihre Zoos. \u00dcber die eigenlogische Strukturierung von R\u00e4umen. In: <i>Informationen zur modernen Stadtgeschichte<\/i> 2013, Heft 1. S. 95\u2013124.<br \/>\nFrank, Sybille\/ Steets, Silke (2012):<br \/>Sportstadien als leistungssteigernde Architekturen. In: Bockrath, Franz (Hrsg.), Anthropotechniken im Sport. Bielefeld: transcript. S. 199\u2013224.<br \/>\nSteets, Silke (2011):<br \/>Die Stadt als Wohnzimmer und die Floridarisierung der Stadtpolitik. In: Heike Hermann\/ Carsten Keller\/ Rainer Neef\/ Renate Ruhne (Hrsg.), Die Besonderheit des St\u00e4dtischen. Entwicklungslinien der Stadt(soziologie). Wiesbaden: VS-Verlag. S. 87\u2013103.<br \/>\nSteets, Silke (2011):<br \/>\u00d6ffentliche Wohnzimmer: Raumkonstitution in popkulturellen Netzwerken. In: Elisabeth Tiller\/ Christoph Oliver Mayer (Hrsg.), RaumErkundungen. Einblicke und Ausblicke. Heidelberg, Universit\u00e4tsverlag Winter. S. 303\u2013320.<br \/>\nSteets, Silke (2010):<br \/>Viertel. In: Eva Lingg\/ Christian Reutlinger\/ Caroline Fritsche (Hrsg.), Raumwissenschaftliche Basics: Eine Einf\u00fchrung f\u00fcr die Soziale Arbeit. Wiesbaden, VS-Verlag. S. 275\u2013282.<br \/>\nSteets, Silke (2010):<br \/>Der sinnhafte Aufbau der gebauten Welt: Eine architektursoziologische Skizze. In: Sybille Frank\/ Jochen Schwenk (Hrsg.), Turn Over. Cultural Turns in der Soziologie. Frankfurt a. M.\/ New York: Campus. S. 171\u2013188.<br \/>\nSteets, Silke (2010):<br \/>Wie Integration und Ausgrenzung in Darmstadt erlebt wird. In: Martina L\u00f6w\/ Peter Noller\/ Sabine S\u00fc\u00df (Hrsg.), Typisch Darmstadt: Eine Stadt beschreibt sich selbst. Frankfurt a. M.\/ New York: Campus. S. 171\u2013183.<br \/>\nSteets, Silke (2010):<br \/>Die Dekonstruktion der Ostmoderne am Beispiel des Leipziger Br\u00fchl-Ensembles. In: d\u00e9rive. Zeitschrift f\u00fcr Stadtforschung, Heft 37, S. 23\u201327.<br \/>\nSteets, Silke (2010):<br \/>Zwischenr\u00e4ume. In: Kristina Brusa (Hrsg.), eat cake. (Il)legaler Sommer. Formen der Selbstorganisation. Workshop in Leipzig: 30.06.\u201312.07.2003. Dokumentation. Leipzig: Eigenverlag, S. 27.<br \/>\nSteets, Silke (2009):<br \/>Moderne im Kontext: Der Fall Darmstadt. In: Kai V\u00f6ckler\/ Andreas Denk (Hrsg.), In der Zukunft leben! Die Pr\u00e4gung der Stadt durch den Nachkriegsst\u00e4dtebau. Berlin: Nicolai, S. 144\u2013152.<br \/>\nSteets, Silke (2009):<br \/>Wem geh\u00f6rt die Stadt? Bewegung, Bild und Raum. In: Neue Gesellschaft f\u00fcr Bildende Kunst Berlin (Hrsg.), Gl\u00fcck gehabt. Kunst im Untergrund. Berlin, Vice Versa, S. 103\u2013115.<br \/>\nSteets, Silke (2008):<br \/>Raum und Stadt. In: Nina Baur\/ Hermann Korte\/ Martina L\u00f6w\/ Markus Schroer (Hrsg.), Handbuch Soziologie. Wiesbaden, VS-Verlag, S. 391\u2013412.<br \/>\nSteets, Silke (2006):<br \/>Orbit Palace. Locations and Cultures of Redundant Time. In: Helmuth Berking\/ Sybille Frank u.a. (Hrsg.), Negotiating Urban Conflicts. Interaction, Space and Control. Bielefeld, transcript. S. 235\u2013246.<br \/>\nSteets, Silke\/ V\u00f6ckler, Kai\/ Wenzel, Jan (2006):<br \/>Karten und Modelle. In: Experimentale e.V. (Hrsg.), Heimat Moderne. Berlin, Jovis. S. G15\u2013G30.<br \/>\nSteets, Silke (2005):<br \/>Doing Leipzig. R\u00e4umliche Mikropolitiken des Dazwischen. In: Helmuth Berking\/ Martina L\u00f6w (Hrsg.), Die Wirklichkeit der St\u00e4dte, Soziale Welt Sonderband 16, Baden-Baden, Nomos. S. 107\u2013121.<br \/>\nniko.31 (J. Fischer\/ K. Heinecke\/ R. Krehl\/ S. Steets) mit Nils Emde (2004):<br \/>Orbit Palast. In: Philipp Oswalt (Hrsg.), Schrumpfende St\u00e4dte. Band 1: Internationale Untersuchungen. Ostfildern-Ruit, Hatje Cantz. S. 384\u2013391.<br \/>\nHeinecke, Katja\/ Krehl, Reinhard\/ Steets, Silke (2003):<br \/>Leben mit Walter. Kleines Gl\u00fcck im gro\u00dfen Plan. 75 Jahre Wohnen in der Siedlung T\u00f6rten. In: Regina Bittner (Hrsg.), Bauhausstil. Zwischen International Style und Lifestyle. Berlin, Jovis. S. 142\u2013149<br \/>\nLange, Bastian\/ Steets, Silke (2001):<br \/>Cool Frankfurt. Verortungsstrategien von New Entrepreneurs. In: Regina Bittner (Hrsg.), Die Stadt als Event. Zur Konstruktion urbaner Erlebnisr\u00e4ume. Frankfurt a. M.\/ New York, Campus. S. 300\u2013323.<\/p>\n\n<\/div><\/div><\/div><\/div>\n<\/div><\/div>\n<\/div><\/div><\/div><\/div>\n\n<div class=\"wp-block-rrze-elements-collapse \"><div class=\"accordion-group \"><h2 class=\"accordion-heading\"><button class=\"accordion-toggle\" data-toggle=\"collapse\" data-name=\"current-teaching-schedule\" data-href=\"#current-teaching-schedule\" type=\"button\" aria-expanded=\"false\" aria-controls=\"current-teaching-schedule-section\" id=\"current-teaching-schedule\">Current Teaching Schedule<\/button><\/h2><div id=\"current-teaching-schedule-section\" class=\"accordion-body \" aria-labelledby=\"current-teaching-schedule\" role=\"region\" name=\"current-teaching-schedule\"><div class=\"accordion-inner clearfix\">\nNo matching entries found.\n\n<\/div><\/div><\/div><\/div>\n<\/div><\/div>\n\n\n<p>&nbsp;<\/p>\n","protected":false},"excerpt":{"rendered":"<p>Main Areas of Research Curriculum Vitae since 10\/2019 Chair for sociological theory at the institute of sociology at the university of Erlangen-Nuremberg 05\/2017&#8211;09\/2019 Heisenberg-Scholarship at the institute of cultural science at the university of Leipzig 09\/2018&#8211;05\/2019 Guest researcher at the School of Economic, Political and Policy Sciences der UT Dallas (USA) 2016 \u2013 2017 Coordination [&hellip;]<\/p>\n","protected":false},"author":4696,"featured_media":0,"parent":9110,"menu_order":0,"comment_status":"closed","ping_status":"closed","template":"","meta":{"_rrze_cache":"enabled","_rrze_multilang_single_locale":"en_US","_rrze_multilang_single_source":"https:\/\/www.soziologie.phil.fau.de\/?page_id=4264","footnotes":""},"page_category":[],"page_tag":[],"workflow_usergroup":[],"class_list":["post-15263","page","type-page","status-publish","hentry","en-US"],"_links":{"self":[{"href":"https:\/\/www.soziologie.phil.fau.de\/wp-json\/wp\/v2\/pages\/15263","targetHints":{"allow":["GET"]}}],"collection":[{"href":"https:\/\/www.soziologie.phil.fau.de\/wp-json\/wp\/v2\/pages"}],"about":[{"href":"https:\/\/www.soziologie.phil.fau.de\/wp-json\/wp\/v2\/types\/page"}],"author":[{"embeddable":true,"href":"https:\/\/www.soziologie.phil.fau.de\/wp-json\/wp\/v2\/users\/4696"}],"replies":[{"embeddable":true,"href":"https:\/\/www.soziologie.phil.fau.de\/wp-json\/wp\/v2\/comments?post=15263"}],"version-history":[{"count":2,"href":"https:\/\/www.soziologie.phil.fau.de\/wp-json\/wp\/v2\/pages\/15263\/revisions"}],"predecessor-version":[{"id":16536,"href":"https:\/\/www.soziologie.phil.fau.de\/wp-json\/wp\/v2\/pages\/15263\/revisions\/16536"}],"up":[{"embeddable":true,"href":"https:\/\/www.soziologie.phil.fau.de\/wp-json\/wp\/v2\/pages\/9110"}],"wp:attachment":[{"href":"https:\/\/www.soziologie.phil.fau.de\/wp-json\/wp\/v2\/media?parent=15263"}],"wp:term":[{"taxonomy":"page_category","embeddable":true,"href":"https:\/\/www.soziologie.phil.fau.de\/wp-json\/wp\/v2\/page_category?post=15263"},{"taxonomy":"page_tag","embeddable":true,"href":"https:\/\/www.soziologie.phil.fau.de\/wp-json\/wp\/v2\/page_tag?post=15263"},{"taxonomy":"workflow_usergroup","embeddable":true,"href":"https:\/\/www.soziologie.phil.fau.de\/wp-json\/wp\/v2\/workflow_usergroup?post=15263"}],"curies":[{"name":"wp","href":"https:\/\/api.w.org\/{rel}","templated":true}]}}