{"id":15407,"date":"2025-07-17T12:02:21","date_gmt":"2025-07-17T10:02:21","guid":{"rendered":"https:\/\/www.soziologie.phil.fau.de\/?page_id=15407"},"modified":"2026-04-13T10:39:47","modified_gmt":"2026-04-13T08:39:47","slug":"antony","status":"publish","type":"page","link":"https:\/\/www.soziologie.phil.fau.de\/en\/institut\/team\/antony\/","title":{"rendered":"Dr. Alexander Antony"},"content":{"rendered":"\n<div class=\"wp-block-columns is-layout-flex wp-container-core-columns-is-layout-28f84493 wp-block-columns-is-layout-flex\">\n<div class=\"wp-block-column is-layout-flow wp-block-column-is-layout-flow\">\n<h3 class=\"wp-block-heading\">Main areas of research<\/h3>\n\n\n\n<ul class=\"wp-block-list\">\n<li>Sociology of culture and knowledge<\/li>\n\n\n\n<li>Sociological Theory<\/li>\n\n\n\n<li>Sociology of bodies and affectivity<\/li>\n\n\n\n<li>Sociology of expertise<\/li>\n\n\n\n<li>Culture of knowledge around journalism<\/li>\n\n\n\n<li>Qualitative methods and methodology<\/li>\n<\/ul>\n<\/div>\n\n\n\n<div class=\"wp-block-column is-layout-flow wp-block-column-is-layout-flow\"><div class=\"faudir\">\r\n         <div class=\"format-compact\">\r\n        \r\n                <section class=\"format-compact-container\" aria-labelledby=\"section-title-1696555-3866\" itemscope itemtype=\"https:\/\/schema.org\/Person\">\r\n                                            <div class=\"profile-image-section\"> \r\n                            <figure itemprop=\"image\" itemscope itemtype=\"http:\/\/schema.org\/ImageObject\"><img loading=\"lazy\" decoding=\"async\" src=\"https:\/\/www.soziologie.phil.fau.de\/files\/2024\/04\/Antony2021_homepage.jpg\" alt=\"AA\" srcset=\"https:\/\/www.soziologie.phil.fau.de\/files\/2024\/04\/Antony2021_homepage.jpg 490w, https:\/\/www.soziologie.phil.fau.de\/files\/2024\/04\/Antony2021_homepage-249x300.jpg 249w, https:\/\/www.soziologie.phil.fau.de\/files\/2024\/04\/Antony2021_homepage-50x60.jpg 50w, https:\/\/www.soziologie.phil.fau.de\/files\/2024\/04\/Antony2021_homepage-91x110.jpg 91w, https:\/\/www.soziologie.phil.fau.de\/files\/2024\/04\/Antony2021_homepage-199x240.jpg 199w, https:\/\/www.soziologie.phil.fau.de\/files\/2024\/04\/Antony2021_homepage-265x320.jpg 265w, https:\/\/www.soziologie.phil.fau.de\/files\/2024\/04\/Antony2021_homepage-390x470.jpg 390w\" itemprop=\"contentUrl\"><meta itemprop=\"width\" content=\"490\"><meta itemprop=\"height\" content=\"591\"><meta itemprop=\"license\" content=\"https:\/\/www.soziologie.phil.fau.de\/imprint\"><\/figure>                        <\/div>\r\n                                            <header class=\"profile-header\">\r\n                       <h1 id=\"section-title-1696555-3866\"><a itemprop=\"url\" href=\"https:\/\/www.soziologie.phil.fau.de\/faudir\/dr-alexander-antony\/\"><span class=\"displayname\" itemprop=\"name\"><abbr title=\"Doctor\" itemprop=\"honorificPrefix\">Dr.<\/abbr> <span class=\"namepart\"><span itemprop=\"givenName\">Alexander<\/span> <span itemprop=\"familyName\">Antony<\/span><\/span><\/span><\/a><\/h1><p class=\"organisation_name\"><span class=\"organization\" itemprop=\"name\">Institute of Sociology<\/span><\/p><p class=\"jobtitle\">Research associates<\/p>                \r\n                     <\/header>\r\n                     <div class=\"profile-details\">   \r\n                        <div class=\"profile-address\"><h2 class=\"address-title\">Address<\/h2><div class=\"workplace-address\" data-wpautop=\"off\"><address class=\"texticon\" itemprop=\"address\" itemscope itemtype=\"https:\/\/schema.org\/PostalAddress\"><span class=\"street\" itemprop=\"streetAddress\">Kochstra\u00dfe 4<\/span> <span class=\"zipcity\"><span class=\"postalCode\" itemprop=\"postalCode\">91054<\/span> <span class=\"addressLocality\" itemprop=\"addressLocality\">Erlangen<\/span><\/span><\/address><\/div><\/div><div class=\"profile-contact\"><h2 class=\"contact-title\">Contact<\/h2><ul class=\"icon list-icons\"><li class=\"email listcontent\"><span class=\"value\"><span class=\"screen-reader-text\">Email: <\/span><a itemprop=\"email\" href=\"mailto:alexander.antony@fau.de\">alexander.antony@fau.de<\/a><\/span><\/li><\/ul><\/div>                 <\/div>\r\n                <\/section>    \r\n                <\/div>\r\n\r\n<\/div><\/div>\n<\/div>\n\n\n\n<h3 class=\"wp-block-heading\">Current Book Publications<\/h3>\n\n\n\n<div class=\"wp-block-columns is-layout-flex wp-container-core-columns-is-layout-28f84493 wp-block-columns-is-layout-flex\">\n<div class=\"wp-block-column is-layout-flow wp-block-column-is-layout-flow\" style=\"flex-basis:66.66%\">\n<h4 class=\"wp-block-heading\">Leibliche Pr\u00e4senz. <\/h4>\n\n\n\n<h5 class=\"wp-block-heading\">Eine Soziologie holistischer Erfahrung<\/h5>\n\n\n\n<p><p>(J.B. Metzler 2023)<\/p><p>Here is a link to the <strong>Open-Access-Publication<\/strong>: <a title=\"https:\/\/doi.org\/10.1007\/978-3-662-66784-2\" href=\"https:\/\/doi.org\/10.1007\/978-3-662-66784-2\">https:\/\/doi.org\/10.1007\/978-3-662-66784-2<\/a><\/p><\/p>\n<\/div>\n\n\n\n<div class=\"wp-block-column is-layout-flow wp-block-column-is-layout-flow\" style=\"flex-basis:33.33%\">\n<figure class=\"wp-block-image size-large is-style-large has-overlay\"><img decoding=\"async\" src=\"https:\/\/media.springernature.com\/full\/springer-static\/cover-hires\/book\/978-3-662-66784-2?as=webp\" alt=\"\" \/><\/figure>\n<\/div>\n<\/div>\n\n\n\n<h3 class=\"wp-block-heading\">&nbsp;<\/h3>\n\n\n\n<h3 class=\"wp-block-heading\">Curriculum Vitae<\/h3>\n\n\n\n<div class=\"wp-block-table-wrapper\"><figure class=\"wp-block-table\"><table><tbody><tr><td>2020<\/td><td>Habitlitation as Dr. phil at the Faculty of Philosophy at the FAU Erlangen-Nuremberg (Dissertation: <a href=\"https:\/\/link.springer.com\/book\/9783662667835\"><em>Leibliche Pr\u00e4senz. Eine Soziologie holistischer Erfahrung<\/em><\/a>)<\/td><\/tr><tr><td>2020 \u2013<\/td><td>Academic staff at the institute of sociology at the FAU Erlangen-Nuremberg (Chair of sociological theory, Prof. Dr. Silke Steets) <\/td><\/tr><tr><td>2019 \u2013 2020<\/td><td>Lecturer at the institute of sociology at the university of Vienna <\/td><\/tr><tr><td>2015 \u2013 2019<\/td><td>Academic staff (university assistant) at the institue of sociology at the university of Vienna <\/td><\/tr><tr><td>2015<\/td><td>Lecturer at the institute of sociology at the FAU Erlangen-Nuremberg<\/td><\/tr><tr><td>2012 \u2013 2015<\/td><td>Scholarship at the DFG-Collge of graduates &#8220;Pr\u00e4senz und implizites Wissen&#8221;, FAU Erlangen-Nuremberg<\/td><\/tr><tr><td>2009 \u2013 2012<\/td><td>Master&#8217;s degree of sociology and education at the FAU Erlangen-Nuremberg <\/td><\/tr><tr><td>2006 \u2013 2010<\/td><td>Baccalaureate studies of sociology and diploma program of education at the university of Vienna<\/td><\/tr><\/tbody><\/table><\/figure><\/div>\n\n\n\n<h3 class=\"wp-block-heading\">&nbsp;<\/h3>\n\n\n<div class=\"wp-block-rrze-elements-collapsibles \"><div class=\"accordion\">\n<div class=\"wp-block-rrze-elements-collapse \"><div class=\"accordion-group \"><h2 class=\"accordion-heading\"><button class=\"accordion-toggle\" data-toggle=\"collapse\" data-name=\"publications\" data-href=\"#publications\" type=\"button\" aria-expanded=\"false\" aria-controls=\"publications-section\" id=\"publications\">Publications<\/button><\/h2><div id=\"publications-section\" class=\"accordion-body \" aria-labelledby=\"publications\" role=\"region\" name=\"publications\"><div class=\"accordion-inner clearfix\">\n<div class=\"\"><div class=\"accordion\">\n<div class=\"\"><div class=\"accordion-group inherit\"><h3 class=\"accordion-heading\"><span class=\"read-mode-only\">Books and Editorships<\/span><button class=\"accordion-toggle\" data-toggle=\"collapse\" data-name=\"books-and-editorships\" data-href=\"#books-and-editorships\" type=\"button\" aria-expanded=\"false\" aria-controls=\"books-and-editorships\">Books and Editorships<\/button><\/h3><div id=\"books-and-editorships\" class=\"accordion-body\" aria-labelledby=\"books-and-editorships\" role=\"region\"><div class=\"accordion-inner clearfix\">\n\n<ul>\n<li>Antony, Alexander (2023): <a href=\"https:\/\/link.springer.com\/book\/9783662667835\"><em>Leibliche Pr\u00e4senz. Eine Soziologie holistischer Erfahrung<\/em><\/a> (Reihe: Beitr\u00e4ge zur Praxeologie). Berlin: J.B. Metzler. Open Access: <a title=\"https:\/\/doi.org\/10.1007\/978-3-662-66784-2\" href=\"https:\/\/doi.org\/10.1007\/978-3-662-66784-2\">https:\/\/doi.org\/10.1007\/978-3-662-66784-2<\/a><\/li>\n<li>Adloff, Frank; Antony, Alexander; Sebald, Gerd (Hg.) (2016): <em><a title=\"Handlungs- und Interaktionskrisen. Sonderheft der \u00d6sterreichischen Zeitschrift f\u00fcr Soziologie\" href=\"https:\/\/link.springer.com\/journal\/11614\/volumes-and-issues\/41-1\/supplement\" target=\"_blank\" rel=\"noopener\">Handlungs- und Interaktionskrisen. Sonderheft der \u00d6sterreichischen Zeitschrift f\u00fcr Soziologie<\/a><\/em>. Wiesbaden: Springer VS.<\/li>\n<\/ul>\n\n<\/div><\/div><\/div><\/div>\n\n<div class=\"\"><div class=\"accordion-group inherit\"><h3 class=\"accordion-heading\"><span class=\"read-mode-only\">Contributions in Journals and Anthologies<\/span><button class=\"accordion-toggle\" data-toggle=\"collapse\" data-name=\"contributions-in-journals-and-anthologies\" data-href=\"#contributions-in-journals-and-anthologies\" type=\"button\" aria-expanded=\"false\" aria-controls=\"contributions-in-journals-and-anthologies\">Contributions in Journals and Anthologies<\/button><\/h3><div id=\"contributions-in-journals-and-anthologies\" class=\"accordion-body\" aria-labelledby=\"contributions-in-journals-and-anthologies\" role=\"region\"><div class=\"accordion-inner clearfix\">\n\n<ul>\n<li>Antony, Alexander; Steets, Silke; Pfadenhauer, Michaela (2022): Politics of Crisis. Threatening and Defending Journalistic Expertise &#8211; A Processual Account. <em>Symbolic Interaction, Jg.<\/em> 45, Heft 4, S. 541\u2013569. Open Access: <a href=\"https:\/\/doi.org\/10.1002\/symb.598\">https:\/\/doi.org\/10.1002\/symb.598<\/a><\/li>\n<li>Antony, Alexander; Pfadenhauer, Michaela (2019): \u201eKritischer Journalismus unter Druck\u201c. Zur Bedrohung und Verteidigung journalistischer Expertenkompetenz in der medialen Berichterstattung. In: Nicole Burzan (Hg.): <em>Komplexe Dynamiken globaler und lokaler Entwicklungen. Verhandlungen des 39. Kongresses der Deutschen Gesellschaft f\u00fcr Soziologie in G\u00f6ttingen 2018<\/em>, <a href=\"http:\/\/publikationen.soziologie.de\/index.php\/kongressband_2018\/article\/view\/1024\">http:\/\/publikationen.soziologie.de\/index.php\/kongressband_2018\/article\/view\/1024<\/a><\/li>\n<li>Antony, Alexander (2019): Normativit\u00e4t unter der Haut. Zur Herstellung leiblicher (In-)Kompetenz am Beispiel einer Ethnographie der Atemarbeit. <em>\u00d6sterreichische Zeitschrift f\u00fcr Soziologie<\/em>, Jg. 44, Heft 3, S. 313\u2013313. Open Access: <a href=\"https:\/\/link.springer.com\/article\/10.1007\/s11614-019-00358-z\">https:\/\/link.springer.com\/article\/10.1007\/s11614-019-00358-z<\/a><\/li>\n<li>Antony, Alexander (2018): Eine Soziologie leiblichen Relationiert-Seins: Am Beispiel einer Ethnographie der \u201eAtemarbeit\u201c. In: Angelika Poferl\/Michaela Pfadenhauer (Hg.): <a href=\"https:\/\/www.beltz.de\/fachmedien\/erziehungs_und_sozialwissenschaften\/buecher\/produkt_produktdetails\/37667-wissensrelationen.html\"><em>Wissensrelationen<\/em><\/a>. Weinheim: Beltz Juventa, S. 512\u2013522.<\/li>\n<li>Antony, Alexander (2018): Triangulation zwischen Komplexit\u00e4tssteigerung und \u201aM\u00e4ngelbehebung\u2018. Zur Kombination von Binnensicht und Draufsicht in der ethnographischen Praxis. In: Ronald Hitzler et al. (Hg.): <a href=\"https:\/\/portal.dnb.de\/opac.htm?method=showFullRecord&amp;currentResultId=Herumschn%C3%BCffeln+and+%E2%80%93+and+aufsp%C3%BCren+and+%E2%80%93+and+einf%C3%BChlen%26any&amp;currentPosition=0\"><em>Herumschn\u00fcffeln \u2013 aufsp\u00fcren \u2013 einf\u00fchlen. Ethnographie als \u201ahemds\u00e4rmelige\u2018 und reflexive Praxis<\/em><\/a>. Essen: Oldib, S. 369\u2013380.<\/li>\n<li>Antony, Alexander (2017): Jenseits des Dualismus zwischen \u201aInnen\u2018 und \u201aAu\u00dfen\u2018. Eine pragmatistische Perspektive auf soziale Praktiken. In: Hella Dietz\/Frithjof Nungesser\/Andreas Pettenkofer (Hg.): <a href=\"https:\/\/www.campus.de\/buecher-campus-verlag\/wissenschaft\/soziologie\/pragmatismus_und_theorien_sozialer_praktiken-10908.html\"><em>Pragmatismus und Theorien sozialer Praktiken. Vom Nutzen einer Theoriedifferenz<\/em><\/a>. Frankfurt\/M.: Campus, S. 327\u2013356.<\/li>\n<li>Antony, Alexander (2017): Aktive Teilnahme \u2013 Sinnlich-leibliche Erfahrung als Instrument <em>und<\/em> Gegenstand ethnografischer Praxis. In: Karl Braun\/Claus-Marco Dieterich\/Thomas Hengartner\/Bernhard Tschofen (Hg.): <a href=\"https:\/\/verlag.koenigshausen-neumann.de\/product\/9783826063398-kulturen-der-sinne\/\"><em>Kulturen der Sinne. Zug\u00e4nge zur Sensualit\u00e4t der sozialen Welt<\/em><\/a>. W\u00fcrzburg: K\u00f6nigshausen &amp; Neumann, S. 199\u2013206.<\/li>\n<li>Antony, Alexander; Sebald, Gerd; Adloff, Frank (2016): Handlungs- und Interaktionskrisen. Eine Ann\u00e4herung in systematisierender Absicht. In: Frank Adloff\/Alexander Antony\/Gerd Sebald (Hg.): <em>Handlungs- und Interaktionskrisen. Sonderheft der \u00d6sterreichischen Zeitschrift f\u00fcr Soziologie<\/em>. Wiesbaden: Springer VS, S. 1\u201315. Open Access: <a href=\"https:\/\/link.springer.com\/article\/10.1007\/s11614-016-0209-7\">https:\/\/link.springer.com\/article\/10.1007\/s11614-016-0209-7<\/a><\/li>\n<li>Antony, Alexander (2015): Tacit Knowledge and Analytic Autoethnography: Methodological Reflections on the Sociological Translation of Self-Experience. in: Frank Adloff\/Katharina Gerund\/David Kaldewey (Hg): <a href=\"https:\/\/www.transcript-verlag.de\/978-3-8376-2516-5\/revealing-tacit-knowledge\/\"><em>Revealing Tacit Knowledge. Embodiment and Explication<\/em><\/a>. Bielefeld: transcript, pp. 139\u2013167.<\/li>\n<li>Antony, Alexander (2014): Review Essay: Kampf um implizites Wissen. <em>Forum Qualitative Sozialforschung \/ Forum: Qualitative Social Research<\/em>, Vol. 15, No. 3, Art. 22, <a href=\"http:\/\/nbn-resolving.de\/urn:nbn:de:0114-fqs1403223\">http:\/\/nbn-resolving.de\/urn:nbn:de:0114-fqs1403223<\/a>.<\/li>\n<\/ul>\n\n<\/div><\/div><\/div><\/div>\n\n<div class=\"\"><div class=\"accordion-group inherit\"><h3 class=\"accordion-heading\"><span class=\"read-mode-only\">Conference Reports<\/span><button class=\"accordion-toggle\" data-toggle=\"collapse\" data-name=\"conference-reports\" data-href=\"#conference-reports\" type=\"button\" aria-expanded=\"false\" aria-controls=\"conference-reports\">Conference Reports<\/button><\/h3><div id=\"conference-reports\" class=\"accordion-body\" aria-labelledby=\"conference-reports\" role=\"region\"><div class=\"accordion-inner clearfix\">\n\n<ul>\n<li>Antony, Alexander (2016): \u201cI\u2019m not a social constructivist. Am I a Social Constructivist? \u2013 Metaperspektiven auf ein Theorie- und Forschungsprogramm. <em>Soziopolis<\/em>, 5.7.2016, <a href=\"http:\/\/www.soziopolis.de\/vernetzen\/veranstaltungsberichte\/artikel\/im-not-a-social-constructivist-am-i-a-social-constructivist-metaperspektiven-auf-ein-theorie-und-forschungsprogramm\/\">http:\/\/www.soziopolis.de\/vernetzen\/veranstaltungsberichte\/artikel\/im-not-a-social-constructivist-am-i-a-social-constructivist-metaperspektiven-auf-ein-theorie-und-forschungsprogramm\/<\/a><\/li>\n<li>Antony, Alexander; Hubrich, Michael; Wiesse, Basil; Yilmaz, Yasemin (2016): Tagungsbericht: Atmosph\u00e4ren und Stimmungen \u2013 Zur Hintergrundaffektivit\u00e4t des Sozialen. <em>Forum Qualitative Sozialforschung \/ Forum: Qualitative Social Research<\/em>, Vol. 17, No. 2, Art. 14, <a href=\"http:\/\/nbn-resolving.de\/urn:nbn:de:0114-fqs1602143\">http:\/\/nbn-resolving.de\/urn:nbn:de:0114-fqs1602143<\/a><\/li>\n<\/ul>\n\n<\/div><\/div><\/div><\/div>\n\n<div class=\"\"><div class=\"accordion-group inherit\"><h3 class=\"accordion-heading\"><span class=\"read-mode-only\">Science to Public<\/span><button class=\"accordion-toggle\" data-toggle=\"collapse\" data-name=\"panel_0e89e5bb\" data-href=\"#panel_0e89e5bb\" type=\"button\" aria-expanded=\"false\" aria-controls=\"panel_0e89e5bb\">Science to Public<\/button><\/h3><div id=\"panel_0e89e5bb\" class=\"accordion-body\" aria-labelledby=\"panel_0e89e5bb\" role=\"region\"><div class=\"accordion-inner clearfix\">\n\n<ul>\n<li>Antony, Alexander (2019): Sozialit\u00e4t unter der Haut. Zum Machen k\u00f6rperlicher Erfahrungen (in der Atemarbeit). in: Raimund Haindorfer\/Maria Schlechter\/Lena Seewann (Hg.): <em><a href=\"https:\/\/www.newacademicpress.at\/gesamtverzeichnis\/soziologie\/soziologische-momente-im-alltag\/\">Soziologische Momente im Alltag. Von der Sauna bis zur Kirchenbank<\/a><\/em>. Wien: New Academic Press, S. 201\u2013207.<\/li>\n<\/ul>\n\n<\/div><\/div><\/div><\/div>\n<\/div><\/div>\n<\/div><\/div><\/div><\/div>\n\n<div class=\"wp-block-rrze-elements-collapse \"><div class=\"accordion-group \"><h2 class=\"accordion-heading\"><button class=\"accordion-toggle\" data-toggle=\"collapse\" data-name=\"current-teaching-schedule\" data-href=\"#current-teaching-schedule\" type=\"button\" aria-expanded=\"false\" aria-controls=\"current-teaching-schedule-section\" id=\"current-teaching-schedule\">Current Teaching Schedule<\/button><\/h2><div id=\"current-teaching-schedule-section\" class=\"accordion-body \" aria-labelledby=\"current-teaching-schedule\" role=\"region\" name=\"current-teaching-schedule\"><div class=\"accordion-inner clearfix\">\n\nNo matching records found.\n\n<\/div><\/div><\/div><\/div>\n<\/div><\/div>","protected":false},"excerpt":{"rendered":"<p>Main areas of research Current Book Publications Leibliche Pr\u00e4senz. Eine Soziologie holistischer Erfahrung (J.B. Metzler 2023) Here is a link to the Open-Access-Publication: https:\/\/doi.org\/10.1007\/978-3-662-66784-2 &nbsp; Curriculum Vitae 2020 Habitlitation as Dr. phil at the Faculty of Philosophy at the FAU Erlangen-Nuremberg (Dissertation: Leibliche Pr\u00e4senz. Eine Soziologie holistischer Erfahrung) 2020 \u2013 Academic staff at the institute [&hellip;]<\/p>\n","protected":false},"author":4696,"featured_media":0,"parent":9110,"menu_order":0,"comment_status":"closed","ping_status":"closed","template":"","meta":{"_rrze_cache":"enabled","_rrze_multilang_single_locale":"en_US","_rrze_multilang_single_source":"https:\/\/www.soziologie.phil.fau.de\/?page_id=5041","footnotes":""},"page_category":[],"page_tag":[],"workflow_usergroup":[],"class_list":["post-15407","page","type-page","status-publish","hentry","en-US"],"_links":{"self":[{"href":"https:\/\/www.soziologie.phil.fau.de\/wp-json\/wp\/v2\/pages\/15407","targetHints":{"allow":["GET"]}}],"collection":[{"href":"https:\/\/www.soziologie.phil.fau.de\/wp-json\/wp\/v2\/pages"}],"about":[{"href":"https:\/\/www.soziologie.phil.fau.de\/wp-json\/wp\/v2\/types\/page"}],"author":[{"embeddable":true,"href":"https:\/\/www.soziologie.phil.fau.de\/wp-json\/wp\/v2\/users\/4696"}],"replies":[{"embeddable":true,"href":"https:\/\/www.soziologie.phil.fau.de\/wp-json\/wp\/v2\/comments?post=15407"}],"version-history":[{"count":2,"href":"https:\/\/www.soziologie.phil.fau.de\/wp-json\/wp\/v2\/pages\/15407\/revisions"}],"predecessor-version":[{"id":18224,"href":"https:\/\/www.soziologie.phil.fau.de\/wp-json\/wp\/v2\/pages\/15407\/revisions\/18224"}],"up":[{"embeddable":true,"href":"https:\/\/www.soziologie.phil.fau.de\/wp-json\/wp\/v2\/pages\/9110"}],"wp:attachment":[{"href":"https:\/\/www.soziologie.phil.fau.de\/wp-json\/wp\/v2\/media?parent=15407"}],"wp:term":[{"taxonomy":"page_category","embeddable":true,"href":"https:\/\/www.soziologie.phil.fau.de\/wp-json\/wp\/v2\/page_category?post=15407"},{"taxonomy":"page_tag","embeddable":true,"href":"https:\/\/www.soziologie.phil.fau.de\/wp-json\/wp\/v2\/page_tag?post=15407"},{"taxonomy":"workflow_usergroup","embeddable":true,"href":"https:\/\/www.soziologie.phil.fau.de\/wp-json\/wp\/v2\/workflow_usergroup?post=15407"}],"curies":[{"name":"wp","href":"https:\/\/api.w.org\/{rel}","templated":true}]}}