{"id":15423,"date":"2025-07-17T13:05:14","date_gmt":"2025-07-17T11:05:14","guid":{"rendered":"https:\/\/www.soziologie.phil.fau.de\/?page_id=15423"},"modified":"2026-04-13T10:41:48","modified_gmt":"2026-04-13T08:41:48","slug":"dr-marco-blank","status":"publish","type":"page","link":"https:\/\/www.soziologie.phil.fau.de\/en\/dr-marco-blank\/","title":{"rendered":"Dr. Marco Blank"},"content":{"rendered":"\n<div class=\"wp-block-columns is-layout-flex wp-container-core-columns-is-layout-28f84493 wp-block-columns-is-layout-flex\">\n<div class=\"wp-block-column is-layout-flow wp-block-column-is-layout-flow\">\n<p>air for Sociology with the main focus on technology &#8211; labour &#8211; society (Prof. Dr. Pfeiffer)<br>Room11.02.08<br>F\u00fcrther Str. 246 c, Nuremberg Campus of Technology<br>90429 N\u00fcrnberg<\/p>\n\n\n\n<ul class=\"wp-block-list\">\n<li>Phone: <a href=\"tel:0911530296665\">0911530296665<\/a><\/li>\n<\/ul>\n\n\n\n<h3 class=\"wp-block-heading\">Office Hours<\/h3>\n\n\n\n<p>by arrangement<\/p>\n\n\n\n<p><a href=\"https:\/\/www.soziologie.phil.fau.de\/institut\/soziologie-am-nct\/\">Sociology at the NCT&nbsp;<\/a><\/p>\n<\/div>\n\n\n\n<div class=\"wp-block-column is-layout-flow wp-block-column-is-layout-flow\"><div class=\"faudir\">\r\n         <div class=\"format-compact\">\r\n        \r\n                <section class=\"format-compact-container\" aria-labelledby=\"section-title-8717181-1793\" itemscope itemtype=\"https:\/\/schema.org\/Person\">\r\n                                            <div class=\"profile-image-section\"> \r\n                            <figure itemprop=\"image\" itemscope itemtype=\"http:\/\/schema.org\/ImageObject\"><img loading=\"lazy\" decoding=\"async\" src=\"https:\/\/www.soziologie.phil.fau.de\/files\/2018\/05\/Marco_Blank_52673-scaled-e1778140392243.jpg\" alt=\"MB\" srcset=\"https:\/\/www.soziologie.phil.fau.de\/files\/2018\/05\/Marco_Blank_52673-scaled-e1778140392243.jpg 1139w, https:\/\/www.soziologie.phil.fau.de\/files\/2018\/05\/Marco_Blank_52673-scaled-e1778140392243-267x300.jpg 267w, https:\/\/www.soziologie.phil.fau.de\/files\/2018\/05\/Marco_Blank_52673-scaled-e1778140392243-913x1024.jpg 913w, https:\/\/www.soziologie.phil.fau.de\/files\/2018\/05\/Marco_Blank_52673-scaled-e1778140392243-768x862.jpg 768w, https:\/\/www.soziologie.phil.fau.de\/files\/2018\/05\/Marco_Blank_52673-scaled-e1778140392243-53x60.jpg 53w\" itemprop=\"contentUrl\"><meta itemprop=\"width\" content=\"1139\"><meta itemprop=\"height\" content=\"1278\"><meta itemprop=\"copyrightNotice\" content=\"WWW.thomasriese.COM\"><meta itemprop=\"creditText\" content=\"THOMAS RIESE\"><meta itemprop=\"dateCreated\" content=\"2023-10-18T12:17:49+00:00\"><\/figure>                        <\/div>\r\n                                            <header class=\"profile-header\">\r\n                       <h1 id=\"section-title-8717181-1793\"><a itemprop=\"url\" href=\"https:\/\/www.soziologie.phil.fau.de\/faudir\/marco-blank\/\"><span class=\"displayname\" itemprop=\"name\"><abbr title=\"Doctor\" itemprop=\"honorificPrefix\">Dr.<\/abbr> <span class=\"namepart\"><span itemprop=\"givenName\">Marco<\/span> <span itemprop=\"familyName\">Blank<\/span><\/span> (<span itemprop=\"honorificSuffix\">M.A.<\/span>)<\/span><\/a><\/h1><p class=\"organisation_name\"><span class=\"organization\" itemprop=\"name\">Chair of Sociology focusing on Technology, Work and Society<\/span><\/p><p class=\"jobtitle\">Research associates<\/p>                \r\n                     <\/header>\r\n                     <div class=\"profile-details\">   \r\n                        <div class=\"profile-contact\"><h2 class=\"contact-title\">Contact<\/h2><ul class=\"icon list-icons\"><li class=\"email listcontent\"><span class=\"value\"><span class=\"screen-reader-text\">Email: <\/span><a itemprop=\"email\" href=\"mailto:marco.m.blank@fau.de\">marco.m.blank@fau.de<\/a><\/span><\/li><\/ul><\/div>                 <\/div>\r\n                <\/section>    \r\n                <\/div>\r\n\r\n<\/div><\/div>\n<\/div>\n\n\n\n<p>During my study of social sciences in Gie\u00dfen as well as sociology and social research in Marburg I focused on development cooperation (education as motor): modernity, structural adjustment as well as theory on dependency. I continued to work for organisations like GIZ, UNHCR, KfW and the EU, where I resumed to concentrate on development cooperation. There I worked as advisor on methods for impact research and evaluation on environment, energy efficiency, renewable energies and vocational training. I try to keep an eye on vocational training and the environment when looking at the topic of sociology of labour while aspiring to make the technological more accessible for myself. There I have a deep affinity for trained IT specialist for system integration. I did my doctorate as <a href=\"https:\/\/www.bidt.digital\/forschung\/fellowship\/\">bidt Fellow<\/a>&nbsp;concerning the topic &#8220;Fachkr\u00e4fte im Wandel- die Bearbeitung des reflexiven Wandels mit Komplement\u00e4rwissen&#8221;. I worked as an advisor among other things for a project to <a href=\"https:\/\/www.giz.de\/de\/weltweit\/303.html\">reform the serbian vocational training<\/a> until 2020.  <\/p>\n\n\n\n<h4 class=\"wp-block-heading\">Publications and research<\/h4>\n\n\n<div class=\"wp-block-rrze-elements-collapsibles \"><div class=\"accordion\">\n<div class=\"wp-block-rrze-elements-collapse \"><div class=\"accordion-group phil\"><h2 class=\"accordion-heading\"><button class=\"accordion-toggle\" data-toggle=\"collapse\" data-name=\"publications\" data-href=\"#publications\" type=\"button\" aria-expanded=\"false\" aria-controls=\"publications-section\" id=\"publications\">Publications<\/button><\/h2><div id=\"publications-section\" class=\"accordion-body \" aria-labelledby=\"publications\" role=\"region\" name=\"publications\"><div class=\"accordion-inner clearfix\">\n<p>No publications found.<\/p>\n\n<\/div><\/div><\/div><\/div>\n\n<div class=\"wp-block-rrze-elements-collapse \"><div class=\"accordion-group phil\"><h2 class=\"accordion-heading\"><button class=\"accordion-toggle\" data-toggle=\"collapse\" data-name=\"current-teaching-schedule\" data-href=\"#current-teaching-schedule\" type=\"button\" aria-expanded=\"false\" aria-controls=\"current-teaching-schedule-section\" id=\"current-teaching-schedule\">Current teaching schedule<\/button><\/h2><div id=\"current-teaching-schedule-section\" class=\"accordion-body \" aria-labelledby=\"current-teaching-schedule\" role=\"region\" name=\"current-teaching-schedule\"><div class=\"accordion-inner clearfix\">\n\n\n    <div class=\"rrze-lectures\">\n        \n            <div class=\"rrze-elements accordion style_default\" id=\"accordion-0\">\n<div class=\"accordion-group\">\n<h2 class=\"accordion-heading\"><button class=\"accordion-toggle\" data-toggle=\"collapse\"  href=\"#collapse_0\" aria-expanded=\"false\" aria-controls=\"collapse_0\" id=\"collapse_button_0\"> Masterseminar <\/button><\/h2>\n<div id=\"collapse_0\" class=\"accordion-body\" aria-labelledby=\"collapse_button_0\">\n<div class=\"accordion-inner clearfix\">\n<ul>\n<li><a href=\"https:\/\/www.campo.fau.de:443\/qisserver\/pages\/startFlow.xhtml?_flowId=detailView-flow&unitId=134227&periodId=589&navigationPosition=studiesOffered,searchCourses\" target=\"rrze-campo\" class=\"rrze-lectures-linklist\">Fortschrittsoptimismus qualitativ erforschen<\/a><\/li>\n<\/ul>\n<\/div>\n<\/div>\n<\/div>\n<div class=\"accordion-group\">\n<h2 class=\"accordion-heading\"><button class=\"accordion-toggle\" data-toggle=\"collapse\"  href=\"#collapse_1\" aria-expanded=\"false\" aria-controls=\"collapse_1\" id=\"collapse_button_1\"> Hauptseminar <\/button><\/h2>\n<div id=\"collapse_1\" class=\"accordion-body\" aria-labelledby=\"collapse_button_1\">\n<div class=\"accordion-inner clearfix\">\n<ul>\n<li><a href=\"https:\/\/www.campo.fau.de:443\/qisserver\/pages\/startFlow.xhtml?_flowId=detailView-flow&unitId=134171&periodId=589&navigationPosition=studiesOffered,searchCourses\" target=\"rrze-campo\" class=\"rrze-lectures-linklist\">Bildung und Beruf<\/a><\/li>\n<li><a href=\"https:\/\/www.campo.fau.de:443\/qisserver\/pages\/startFlow.xhtml?_flowId=detailView-flow&unitId=134167&periodId=589&navigationPosition=studiesOffered,searchCourses\" target=\"rrze-campo\" class=\"rrze-lectures-linklist\">Lekt\u00fcreseminar: \"Zerst\u00f6rungslust\" (Amlinger\/Nachtwey)<\/a><\/li>\n<\/ul>\n<\/div>\n<\/div>\n<\/div>\n<div class=\"accordion-group\">\n<h2 class=\"accordion-heading\"><button class=\"accordion-toggle\" data-toggle=\"collapse\"  href=\"#collapse_2\" aria-expanded=\"false\" aria-controls=\"collapse_2\" id=\"collapse_button_2\"> Oberseminar <\/button><\/h2>\n<div id=\"collapse_2\" class=\"accordion-body\" aria-labelledby=\"collapse_button_2\">\n<div class=\"accordion-inner clearfix\">\n<ul>\n<li><a href=\"https:\/\/www.campo.fau.de:443\/qisserver\/pages\/startFlow.xhtml?_flowId=detailView-flow&unitId=86232&periodId=589&navigationPosition=studiesOffered,searchCourses\" target=\"rrze-campo\" class=\"rrze-lectures-linklist\">Oberseminar Technik-Arbeit-Gesellschaft<\/a><\/li>\n<\/ul>\n<\/div>\n<\/div>\n<\/div><\/div>\n\n    \n    <\/div>\n\n\n\n<\/div><\/div><\/div><\/div>\n<\/div><\/div>\n\n\n<p><\/p>\n","protected":false},"excerpt":{"rendered":"<p>air for Sociology with the main focus on technology &#8211; labour &#8211; society (Prof. Dr. Pfeiffer)Room11.02.08F\u00fcrther Str. 246 c, Nuremberg Campus of Technology90429 N\u00fcrnberg Office Hours by arrangement Sociology at the NCT&nbsp; During my study of social sciences in Gie\u00dfen as well as sociology and social research in Marburg I focused on development cooperation (education [&hellip;]<\/p>\n","protected":false},"author":4696,"featured_media":8182,"parent":0,"menu_order":0,"comment_status":"closed","ping_status":"closed","template":"","meta":{"_rrze_cache":"enabled","_rrze_multilang_single_locale":"en_US","_rrze_multilang_single_source":"https:\/\/www.soziologie.phil.fau.de\/?page_id=15411","footnotes":""},"page_category":[],"page_tag":[],"workflow_usergroup":[],"class_list":["post-15423","page","type-page","status-publish","has-post-thumbnail","hentry","en-US"],"_links":{"self":[{"href":"https:\/\/www.soziologie.phil.fau.de\/wp-json\/wp\/v2\/pages\/15423","targetHints":{"allow":["GET"]}}],"collection":[{"href":"https:\/\/www.soziologie.phil.fau.de\/wp-json\/wp\/v2\/pages"}],"about":[{"href":"https:\/\/www.soziologie.phil.fau.de\/wp-json\/wp\/v2\/types\/page"}],"author":[{"embeddable":true,"href":"https:\/\/www.soziologie.phil.fau.de\/wp-json\/wp\/v2\/users\/4696"}],"replies":[{"embeddable":true,"href":"https:\/\/www.soziologie.phil.fau.de\/wp-json\/wp\/v2\/comments?post=15423"}],"version-history":[{"count":2,"href":"https:\/\/www.soziologie.phil.fau.de\/wp-json\/wp\/v2\/pages\/15423\/revisions"}],"predecessor-version":[{"id":18225,"href":"https:\/\/www.soziologie.phil.fau.de\/wp-json\/wp\/v2\/pages\/15423\/revisions\/18225"}],"wp:featuredmedia":[{"embeddable":true,"href":"https:\/\/www.soziologie.phil.fau.de\/wp-json\/wp\/v2\/media\/8182"}],"wp:attachment":[{"href":"https:\/\/www.soziologie.phil.fau.de\/wp-json\/wp\/v2\/media?parent=15423"}],"wp:term":[{"taxonomy":"page_category","embeddable":true,"href":"https:\/\/www.soziologie.phil.fau.de\/wp-json\/wp\/v2\/page_category?post=15423"},{"taxonomy":"page_tag","embeddable":true,"href":"https:\/\/www.soziologie.phil.fau.de\/wp-json\/wp\/v2\/page_tag?post=15423"},{"taxonomy":"workflow_usergroup","embeddable":true,"href":"https:\/\/www.soziologie.phil.fau.de\/wp-json\/wp\/v2\/workflow_usergroup?post=15423"}],"curies":[{"name":"wp","href":"https:\/\/api.w.org\/{rel}","templated":true}]}}