{"id":15613,"date":"2025-07-29T13:10:31","date_gmt":"2025-07-29T11:10:31","guid":{"rendered":"https:\/\/www.soziologie.phil.fau.de\/?page_id=15613"},"modified":"2026-04-13T11:16:20","modified_gmt":"2026-04-13T09:16:20","slug":"fischer","status":"publish","type":"page","link":"https:\/\/www.soziologie.phil.fau.de\/en\/institut\/team\/fischer\/","title":{"rendered":"Andreas Fischer"},"content":{"rendered":"\n<div class=\"wp-block-columns is-layout-flex wp-container-core-columns-is-layout-28f84493 wp-block-columns-is-layout-flex\">\n<div class=\"wp-block-column is-layout-flow wp-block-column-is-layout-flow\">\n<h3 class=\"wp-block-heading\">Main areas of research<\/h3>\n\n\n\n<ul class=\"wp-block-list\">\n<li>Sociology of labour and industry<\/li>\n\n\n\n<li>Quantitative and qualitative methods of social research<\/li>\n\n\n\n<li>Sociology of youth<\/li>\n\n\n\n<li>Research on education and higher education<\/li>\n\n\n\n<li>(Pop-)culture<\/li>\n<\/ul>\n<\/div>\n\n\n\n<div class=\"wp-block-column is-layout-flow wp-block-column-is-layout-flow\"><div class=\"faudir\">\r\n         <div class=\"format-compact\">\r\n        \r\n                <section class=\"format-compact-container\" aria-labelledby=\"section-title-54464436-4592\" itemscope itemtype=\"https:\/\/schema.org\/Person\">\r\n                                            <div class=\"profile-image-section\"> \r\n                            <figure itemprop=\"image\" itemscope itemtype=\"http:\/\/schema.org\/ImageObject\"><img loading=\"lazy\" decoding=\"async\" src=\"https:\/\/www.soziologie.phil.fau.de\/files\/2025\/06\/AR_Wahlgruppe_Zwiebel_II_WEB-9605.jpg\" alt=\"AF\" srcset=\"https:\/\/www.soziologie.phil.fau.de\/files\/2025\/06\/AR_Wahlgruppe_Zwiebel_II_WEB-9605.jpg 425w, https:\/\/www.soziologie.phil.fau.de\/files\/2025\/06\/AR_Wahlgruppe_Zwiebel_II_WEB-9605-225x300.jpg 225w, https:\/\/www.soziologie.phil.fau.de\/files\/2025\/06\/AR_Wahlgruppe_Zwiebel_II_WEB-9605-120x160.jpg 120w, https:\/\/www.soziologie.phil.fau.de\/files\/2025\/06\/AR_Wahlgruppe_Zwiebel_II_WEB-9605-240x320.jpg 240w, https:\/\/www.soziologie.phil.fau.de\/files\/2025\/06\/AR_Wahlgruppe_Zwiebel_II_WEB-9605-45x60.jpg 45w, https:\/\/www.soziologie.phil.fau.de\/files\/2025\/06\/AR_Wahlgruppe_Zwiebel_II_WEB-9605-180x240.jpg 180w, https:\/\/www.soziologie.phil.fau.de\/files\/2025\/06\/AR_Wahlgruppe_Zwiebel_II_WEB-9605-352x470.jpg 352w\" itemprop=\"contentUrl\"><meta itemprop=\"width\" content=\"425\"><meta itemprop=\"height\" content=\"567\"><meta itemprop=\"copyrightNotice\" content=\"Alexander Ro\u00dfbach\"><\/figure>                        <\/div>\r\n                                            <header class=\"profile-header\">\r\n                       <h1 id=\"section-title-54464436-4592\"><a itemprop=\"url\" href=\"https:\/\/www.soziologie.phil.fau.de\/faudir\/dr-andreas-fischer\/\"><span class=\"displayname\" itemprop=\"name\"><abbr title=\"Doctor\" itemprop=\"honorificPrefix\">Dr.<\/abbr> <span class=\"namepart\"><span itemprop=\"givenName\">Andreas<\/span> <span itemprop=\"familyName\">Fischer<\/span><\/span><\/span><\/a><\/h1><p class=\"organisation_name\"><span class=\"organization\" itemprop=\"name\">Chair of Sociology focusing on Transnational Labor<\/span><\/p><p class=\"jobtitle\">Research associates<\/p>                \r\n                     <\/header>\r\n                     <div class=\"profile-details\">   \r\n                        <div class=\"profile-address\"><h2 class=\"address-title\">Address<\/h2><div class=\"workplace-address\" data-wpautop=\"off\"><address class=\"texticon\" itemprop=\"address\" itemscope itemtype=\"https:\/\/schema.org\/PostalAddress\"><span class=\"street\" itemprop=\"streetAddress\">Bismarckstra\u00dfe 6<\/span> <span class=\"zipcity\"><span class=\"postalCode\" itemprop=\"postalCode\">91054<\/span> <span class=\"addressLocality\" itemprop=\"addressLocality\">Erlangen<\/span><\/span><\/address><\/div><\/div><div class=\"profile-contact\"><h2 class=\"contact-title\">Contact<\/h2><ul class=\"icon list-icons\"><li class=\"email listcontent\"><span class=\"value\"><span class=\"screen-reader-text\">Email: <\/span><a itemprop=\"email\" href=\"mailto:andreas.fischer@fau.de\">andreas.fischer@fau.de<\/a><\/span><\/li><\/ul><\/div>                 <\/div>\r\n                <\/section>    \r\n                <\/div>\r\n\r\n<\/div><\/div>\n<\/div>\n\n\n\n<h3 class=\"wp-block-heading\">Publication and research<\/h3>\n\n\n<div class=\"wp-block-rrze-elements-collapsibles \"><div class=\"accordion\">\n<div class=\"wp-block-rrze-elements-collapse \"><div class=\"accordion-group \"><h2 class=\"accordion-heading\"><button class=\"accordion-toggle\" data-toggle=\"collapse\" data-name=\"publications\" data-href=\"#publications\" type=\"button\" aria-expanded=\"false\" aria-controls=\"publications-section\" id=\"publications\">Publications<\/button><\/h2><div id=\"publications-section\" class=\"accordion-body \" aria-labelledby=\"publications\" role=\"region\" name=\"publications\"><div class=\"accordion-inner clearfix\">\n\n<ul>\n<li>Fischer, A. (im Erscheinen). \u201eWir sind Weltmeister im Ertragen.\u201c Die Wahrnehmung und Deutung innerdeutscher sozialer Ungleichheiten durch ostdeutsche Betriebsratsmitglieder. In D. Brunner &amp; M. Kuhnhenne (Hrsg.), <em>Wege der ostdeutschen Transformation. Gewerkschaftliches Handeln nach 1989\/90<\/em>. Hans-B\u00f6ckler-Stiftung.<\/li>\n<li>Eichler, Lutz \/ Fischer, Andreas (2024). Antijuvenilismus. Die Gen Z und ihre Ver\u00e4chter. In: <em>Freie Assoziation. Zeitschrift f\u00fcr psychoanalytische Sozialpsychologie <\/em>27(1), S. 125-135.<\/li>\n<li>Whittall, Michael \/ Artus, Ingrid \/ Fischer, Andreas \/ Holland, Judith (2023). Les strat\u00e9gies d&#8217;IG Metall en mati\u00e8re de n\u00e9gociation collective: \u00e1 l&#8217;est, rien de nouveau? <em>Chronique internationale de l&#8217;IRES No 183<\/em>, S. 67-83.<\/li>\n<li>Artus, Ingrid \/ Fischer, Andreas \/ Gellenthien, Tobias \/ Holland, Judith \/ Whittall, Michael (2023). Ostdeutsche Mitbestimmung revisited. Betriebsr\u00e4te 30 Jahre nach der &#8220;Wende&#8221;. <em>PROKLA. Zeitschrift f\u00fcr kritische Sozialwissenschaft 212<\/em> 53 (3), S. 493-514.<\/li>\n<li>Artus, Ingrid \/ Fischer, Andreas \/ Holland, Judith \/ Whittall, Michael (2023). Im Osten was Neues? Tarifpolitische Strategien der IG Metall in Ostdeutschland. <em>PROKLA. Zeitschrift f\u00fcr kritische Sozialwissenschaft 211<\/em> 53 (2), S. 245-266.<\/li>\n<li>Fischer, Andreas (2023). Utopie und Adoleszenz. <em>Freie Assoziation. Zeitschrift f\u00fcr psychoanalytische Sozialpsychologie 26 (1). <\/em>S. 105-110.<\/li>\n<li>Fischer, Andreas (2023). Rezension zu: Preite, Luca (2022): Widerstand als Selbstbehauptung. \u201eGef\u00e4hrdete\u201c Jugendliche im \u00dcbergangs-und Berufsbildungssystem. Bielefeld: transcript. <em>Gesellschaft \u2013 Individuum \u2013 Sozialisation (GISo). Zeitschrift f\u00fcr Sozialisationsforschung<\/em> 4 (1).<\/li>\n<li>Artus, Ingrid \/ Fischer, Andreas \/ Holland, Judith \/ Whittall, Michael (2022): Ostdeutsche Mitbestimmung im historischen Wandel. Projekt Nr. 2021-427-5 der Hans-B\u00f6ckler-Stiftung. URL: https:\/\/www.boeckler.de\/de\/suchergebnis-forschungsfoerderungsprojekte-detailseite-2732.htm?projekt=2021-427-5.<\/li>\n<li>Artus, Ingrid \/ Fischer, Andreas \/ Morgenstern, Nadja \/ Uruk, Rojda (2022). Soziale Ungleichheit unter Soziologiestudierenden. Eine Analyse anhand der Befragung von Studienanf\u00e4nger*innen am Institut f\u00fcr Soziologie der Friedrich-Alexander-Universit\u00e4t Erlangen-N\u00fcrnberg. In: Pfaller, Larissa et al. (Hrsg.): <em>Distinktion, Ausgrenzung und Mobilit\u00e4t \u2013 Interdisziplin\u00e4re Perspektiven auf soziale Ungleichheit<\/em>. Erlangen: FAU University Press, S. 221-248.<\/li>\n<li>Fischer, Andreas (2022). Adoleszenz und Arbeit. Das subjektive Verh\u00e4ltnis Jugendlicher zur Erwerbsarbeit. Bielefeld: transcript.<\/li>\n<li>Altschul, Sophie \/ Artus, Ingrid \/ Dobrovolski, Emelie \/ Fischer, Andreas \/ Fesli, G\u00fclten Gizem \/ Geinzer, Saskia \/ Klassen, Esther \/ Sailer-Mva, Ad\u00e8le (2022). Werkstudierende und Gewerkschaften. <em>WSI-Mitteilungen <\/em>75 (2), S. 129-136.<\/li>\n<li>Fischer, Andreas \/ Uhlig, Tom (2022). Arbeit als Spiel &#8211; Spielen als Arbeit. Soziologische und sozialpsychologische Perspektiven auf das gegenw\u00e4rtige Verh\u00e4ltnis von Videospiel und Erwerbsarbeit. In: Pfister, Eugen \/ Unterhuber, Tobias (Hrsg.): <em><span dir=\"ltr\" role=\"presentation\">\u201eThe revolution will <\/span><span dir=\"ltr\" role=\"presentation\">(not) be gamified\u201c \u2014 <\/span><\/em><span dir=\"ltr\" role=\"presentation\"><em>Marx und das Computerspiel.<\/em> <\/span><span dir=\"ltr\" role=\"presentation\">PAIDIA<\/span><span dir=\"ltr\" role=\"presentation\">&#8211;<\/span><span dir=\"ltr\" role=\"presentation\">Sonderausgabe. Gl\u00fcckstadt: Verlag Werner H\u00fclsbusch, S. 174-190.<\/span> Online erschienen (2021): <em>Paidia. Zeitschrift f\u00fcr Computerspielforschung. Sonderausgabe &#8220;Marx und das Computerspiel&#8221;. <\/em><a href=\"https:\/\/paidia.de\/arbeit-als-spiel-spielen-als-arbeit-thesen-zum-neuen-verhaeltnis-von-erwerbsarbeit-und-videospiel\/\">https:\/\/www.paidia.de\/arbeit-als-spiel-spielen-als-arbeit-thesen-zum-neuen-verhaeltnis-von-erwerbsarbeit-und-videospiel\/<\/a>.<\/li>\n<li>Eichler, Lutz \/ Fischer, Andreas (2020). Widerspr\u00fcchliche Adoleszenz. Narzissmus und Triangulierung im Postfordismus. <em>Vierteljahrsschrift f\u00fcr wissenschaftliche P\u00e4dagogik<\/em> 96 (3), S. 413-430.<\/li>\n<li>Fischer, Andreas \/ Dravenau, Daniel (2020). Country Rap. Nostalgie, Dystopie und Klassenunbewusstes. In: Jost, Christopher \/ Sebald, Gerd (Hrsg.). <em>Musik &#8211; Kultur &#8211; Ged\u00e4chtnis.Theoretische und analytische Ann\u00e4herungen an ein Forschungsfeld zwischen den Disziplinen.<\/em> Wiesbaden: Springer VS, S. 208-230.<\/li>\n<li>F\u00fcnfgeld, Jonas \/ Fischer, Andreas \/ Fischer, J\u00fcrgen (2020). Zertifizierung in der Gesundheitsversorgung.\u00a0<em>Columba. Das Palliativ-Portal Magazin <\/em>5 (2), S. 6-11. (Neuver\u00f6ffentlichung des Artikels aus der <em>KU Gesundheitsmanagement<\/em>)<\/li>\n<li>Fischer, Andreas \/ Dravenau, Daniel (2019). White Trash Utopia. Country Rap zwischen Nostalgie und Dystopie. In: Behrens, Roger \/ Engelmann, Jonas \/ Schneider, Frank Apunkt et al. (Hrsg.). <em>testcard #26<\/em>. Mainz: Ventil, S.160-166.<\/li>\n<li>F\u00fcnfgeld, Jonas \/ Fischer, Andreas \/ Fischer, J\u00fcrgen (2018). Zertifizierung in der Gesundheitsversorgung.\u00a0<em>KU Gesundheitsmanagement<\/em>, S. 66-70.<\/li>\n<li>Dravenau, Daniel \/ Fischer, Andreas (2017). The Wire. Analyse &#8211; Kritik &#8211; Entertainment. In: Adam, Holger et al. (Hrsg.). <em>testcard #25<\/em>. Mainz: Ventil, S. 172-177.<\/li>\n<li>Fischer, Andreas \/ Eichler, Lutz (2015). Distinktive Selbstverwirklichung. <em>Soziale Welt <\/em>66 (4), S. 389-409.<\/li>\n<\/ul>\n\n<\/div><\/div><\/div><\/div>\n\n<div class=\"wp-block-rrze-elements-collapse \"><div class=\"accordion-group \"><h2 class=\"accordion-heading\"><button class=\"accordion-toggle\" data-toggle=\"collapse\" data-name=\"lectures-workshops-und-moderations\" data-href=\"#lectures-workshops-und-moderations\" type=\"button\" aria-expanded=\"false\" aria-controls=\"lectures-workshops-und-moderations-section\" id=\"lectures-workshops-und-moderations\">Lectures, Workshops und Moderations<\/button><\/h2><div id=\"lectures-workshops-und-moderations-section\" class=\"accordion-body \" aria-labelledby=\"lectures-workshops-und-moderations\" role=\"region\" name=\"lectures-workshops-und-moderations\"><div class=\"accordion-inner clearfix\">\n\n<ul>\n<li><em>Lebenslagen und Orientierungen der Studienanf\u00e4nger*innen in der Soziologie. Studierendenbefragung am Institut f\u00fcr Soziologie 2010-2024. <\/em>Vortrag im Rahmen der Institutskonferenz am Institut f\u00fcr Soziologie in Erlangen (gemeinsam mit Ingrid Artus und Paula Haberberger), Januar 2025.<\/li>\n<li><em>Ostdeutsche Mitbestimmung im historischen Wandel<\/em>. Vortrag im Rahmen der Klausurtagung der Ortsvorst\u00e4nde der IG Metall-Gesch\u00e4ftsstellen Jena-Saalfeld und Gera auf dem Rittergut Positz, Dezember 2024.<\/li>\n<li>Moderation der Buchvorstellung von Dr. Andrea Newerla zu &#8220;Das Ende des Romantikdiktats. Warum wir N\u00e4he, Beziehungen und Liebe neu denken sollten&#8221; im Rahmen der freien uni bamberg, November 2024.<\/li>\n<li><em>Der historische Wandel von Gewerkschaftsstrategien und Mitbestimmungspraxis in Ostdeutschland<\/em>. Vortrag im Rahmen der Fachtagung \u201eWendezeiten \u2013 Wandel gestalten. Gewerkschaften in der ostdeutschen Transformation\u201c im Zeitgeschichtlichen Forum Leipzig (gemeinsam mit Judith Holland), September 2024.<\/li>\n<li><em>Lost in Transformation. Industrial Relations in Eastern Germany.<\/em> Vortrag im Rahmen der Jahrestagung der Deutschen Vereinigung f\u00fcr sozialwissenschaftliche Arbeitsmarktforschung (SAMF e.V.) an der Universit\u00e4t Bamberg (gemeinsam mit Judith Holland und Ingrid Artus), Juni 2024.<\/li>\n<li><em>Conflict, Consent and Emergency Communities. 30 Years of Workplace Codetermination in Eastern Germany.<\/em> Vortrag im Rahmen der International Labour Process Conference 2024 an der Georg-August-Universit\u00e4t G\u00f6ttingen (gemeinsam mit Ingrid Artus und Judith Holland), April 2024.<\/li>\n<li><em>Ostdeutsche Mitbestimmung im historischen Wandel.<\/em> Gastvortrag im Seminar \u201ePersonalbeziehungen in Netzwerken\u201c von Prof. Dr. Hans Hanau &amp; Prof. Dr. Wenzel Matiaske an der Helmut Schmidt Universit\u00e4t &#8211; Universit\u00e4t der Bundeswehr Hamburg (gemeinsam mit Ingrid Artus, Tobias Gellenthien und Judith Holland), Januar 2024.<\/li>\n<li><em>30 Jahre duales System in Ostdeutschland: Tarifpolitische Strategien der IG Metall und Entwicklungspfade von Betriebsratshandeln. <\/em>Vortrag im Rahmen der GIRA-Jahrestagung 2023 an der Hochschule f\u00fcr Wirtschaft und Recht (HWR) in Berlin (gemeinsam mit Ingrid Artus, Tobias Gellenthien und Judith Holland), November 2023.<\/li>\n<li><em>Die Wahrnehmung regionaler Ungleichheiten durch ostdeutsche Betriebsr\u00e4te<\/em>. Vortrag im Rahmen einer Tagung der Sektion \u201eSoziale Ungleichheit und Sozialstrukturanalyse\u201c und des Sonderforschungsbereichs Transregio 294 \u201eStrukturwandel des Eigentums\u201c \u200bzum Thema \u201eUngleichheiten in Ost- und Westdeutschland \u2013 Persistenz oder Wandel?\u201c an der Friedrich-Schiller-Universit\u00e4t Jena (gemeinsam mit Ingrid Artus und Judith Holland), September 2023\u200b.<\/li>\n<li><em>Vom Dorf \u00fcber die Universit\u00e4t zur Promotion. <\/em>Vortrag im Rahmen einer Informationsveranstaltung der Fachschaftsinitiative Soziologie an der FAU Erlangen-N\u00fcrnberg, Februar 2021.<\/li>\n<li><em>&#8220;Die Jugend&#8221; und &#8220;die Arbeit&#8221;. Zwischen widerspr\u00fcchlichen Erz\u00e4hlungen, Generationendebatten und empirischen Erkenntnissen.<\/em> Vortrag im Rahmen des 40. Kongresses der Deutschen Gesellschaft f\u00fcr Soziologie &#8220;Gesellschaft unter Spannung&#8221; im Panel &#8220;Jugend in Bewegung. (Un)Sichtbarkeiten in gesellschaftlichen Transformationsprozessen&#8221; der Sektion Jugendsoziologie (TU Berlin \/ digital), September 2020.<\/li>\n<li><em> \u201eDas ist eine Sache f\u00fcr Profis\u201c \u2013 Gesellschaftliche Reaktionen auf Fridays for Future. <\/em>Workshop der AG Adoleszenz und Arbeit im Rahmen der 7. Jahrestagung der Gesellschaft f\u00fcr psychoanalytische Sozialpsychologie, Dezember 2019.<\/li>\n<li><em>Transformierte Adoleszenz &#8211; Transformierte Arbeitsorientierungen. <\/em>Vortrag im Rahmen der Regionaltagung der Deutschen Gesellschaft f\u00fcr Soziologie &#8220;Great Transformation. Die Zukunft moderner Gesellschaften&#8221; im Panel &#8220;Transformationen der Jugend \u2013 Jugend als Transformator&#8221; der Sektion Jugendsoziologie in Jena, September 2019.<\/li>\n<li><em>Der Anspruch auf sinnvolle Erwerbsarbeit aus einer sozialr\u00e4umlichen Perspektive. <\/em>Beitrag im Rahmen der Regionaltagung der Deutschen Gesellschaft f\u00fcr Soziologie &#8220;Great Transformation. Die Zukunft moderner Gesellschaften&#8221; im Open Space &#8220;Sinnvolle Arbeit &#8211; Arbeit neu denken in der Postwachstumsgesellschaft&#8221; in Jena, September 2019.<\/li>\n<li><em>Verp\u00f6nte Erfahrung. Videospiele als Realit\u00e4tszugang<\/em>. Vortrag im Rahmen der Freien Uni Bamberg (gemeinsam mit Tom David Uhlig), Juli 2019.<\/li>\n<li><em>Was kommt nach der Selbstverwirklichung? Widerspr\u00fcche der Adoleszenz und ihre Folgen f\u00fcr das Verh\u00e4ltnis Jugendlicher zur Erwerbsarbeit. <\/em>Vortrag im Rahmen des Kolloquiums &#8220;Kritische Perspektiven auf Arbeit&#8221; von Dr. Stefan Kerber-Clasen und Prof. Dr. Wolfgang Menz an der Universit\u00e4t Hamburg, Mai 2019.<\/li>\n<li><em>Die Jugend der Chefs. Zur Sozialisation der Gewalt. <\/em>Workshop der AG Adoleszenz und Arbeit im Rahmen der 6. Jahrestagung der Gesellschaft f\u00fcr psychoanalytische Sozialpsychologie, Dezember 2018.<\/li>\n<li><em>Argumentieren in der Arbeit mit Gefl\u00fcchteten \u2013 Wie umgehen mit Rassismus und Hass im analogen und virtuellen Raum?<\/em> Workshop im Rahmen des \u00d6komenischen Fachtags zum Thema &#8220;Ressource Religion im Kontext Migration und Flucht. Individuell \u2013 Strukturell\u00a0\u2013 Politisch&#8221; am Evangelischen Jugendwerk in Stuttgart-Vaihingen (gemeinsam mit Joachim Glaubitz und Frederik Wilhelmi), November 2018.<\/li>\n<li><em>Arbeitsorientierungen im Kontext des adoleszenten Moratoriums<\/em>. Vortrag im Rahmen der Tagung \u201eAbbruch, Umbruch, Aufbruch? Lebensverl\u00e4ufe junger Menschen und Ungleichheit in Ausbildung, Studium und Beruf (LUASB)\u201c. Gemeinsame Tagung der Sektionen \u201eBildung und Erziehung\u201c und \u201eJugendsoziologie\u201c der Deutschen Gesellschaft f\u00fcr Soziologie, der \u201eForschungsinitiative Berufe und soziale Ungleichheit\u201c (FiBus) und des Bundesinstituts f\u00fcr Berufsbildung (BIBB), April 2018.<\/li>\n<li><em>Utopie und Regression im Hick-Hop<\/em>. Vortrag im Rahmen der Tagung \u201eMusik \u2013 Kultur \u2013 Ged\u00e4chtnis\u201c. Gemeinsame Tagung des Zentrums f\u00fcr Popul\u00e4re Kultur und Musik (ZPKM) der Universit\u00e4t Freiburg und des Arbeitskreises Ged\u00e4chtnis-Erinnern-Vergessen der Sektion \u201eWissenssoziologie\u201c in der Deutschen Gesellschaft f\u00fcr Soziologie (gemeinsam mit Dr. Daniel Dravenau), M\u00e4rz 2018.<\/li>\n<li><em>Utopie &#8211; Populismus &#8211; Dystopie. Zu aktuellen Erscheinungsformen des White-Trash-Hip-Hop<\/em>. Vortrag im Rahmen der Freien Uni Bamberg (gemeinsam mit Dr. Daniel Dravenau), Juni 2018.<\/li>\n<li><em>Analyse \u2013 Kritik \u2013 Entertainment<\/em>. Vortrag im Rahmen der Freien Uni Bamberg, Januar 2016.<\/li>\n<li><em>Subjektbezogene Arbeitsorientierungen<\/em>. Vortrag im Rahmen der HBS-Summer School \u201eGute Arbeit f\u00fcr Alle?\u201c, August 2015.<\/li>\n<li><em>Soziologie als empirische Wissenschaft<\/em>. Vorlesung im Rahmen der <em>Einf\u00fchrung in die Soziologie<\/em> (Prof. Dr. Matthias Klemm, FAU Erlangen-N\u00fcrnberg), Januar 2015.<\/li>\n<\/ul>\n\n<\/div><\/div><\/div><\/div>\n\n<div class=\"wp-block-rrze-elements-collapse \"><div class=\"accordion-group \"><h2 class=\"accordion-heading\"><button class=\"accordion-toggle\" data-toggle=\"collapse\" data-name=\"in-the-media\" data-href=\"#in-the-media\" type=\"button\" aria-expanded=\"false\" aria-controls=\"in-the-media-section\" id=\"in-the-media\">In the media<\/button><\/h2><div id=\"in-the-media-section\" class=\"accordion-body \" aria-labelledby=\"in-the-media\" role=\"region\" name=\"in-the-media\"><div class=\"accordion-inner clearfix\">\n\n<ul>\n<li><a href=\"https:\/\/www.alimentarium.org\/de\/magazine\/gesellschaft\/fleischfachmann\"><em>Fleischfachmann. Ein Beruf in der Krise sucht motivierten Nachwuchs <\/em><\/a>(von Robert Gloy), alimentarium Magazin vom 25.06.2019.<\/li>\n<li><em>Besser offen \u00fcber Schulden reden<\/em>, Interview mit Eva Kettler in den Erlanger Nachrichten vom 13. M\u00e4rz 2018.<\/li>\n<li><em>Tr\u00e4gt eine gebildetere und liberaler erzogene Jugend den Spa\u00dffaktor in die Arbeitswelt? <\/em>(von Gerald Wagner), Frankfurter Allgemeine Sonntagszeitung vom 17. Juli 2016.<\/li>\n<\/ul>\n\n<\/div><\/div><\/div><\/div>\n\n<div class=\"wp-block-rrze-elements-collapse \"><div class=\"accordion-group \"><h2 class=\"accordion-heading\"><button class=\"accordion-toggle\" data-toggle=\"collapse\" data-name=\"projects\" data-href=\"#projects\" type=\"button\" aria-expanded=\"false\" aria-controls=\"projects-section\" id=\"projects\">Projects<\/button><\/h2><div id=\"projects-section\" class=\"accordion-body \" aria-labelledby=\"projects\" role=\"region\" name=\"projects\"><div class=\"accordion-inner clearfix\">\n\n<ul>\n<li><a href=\"https:\/\/www.soziologie.phil.fau.de\/migrew\/\">Migrants as trade union activists. About the construction of intersectional solidarity<\/a><\/li>\n<li><a title=\"Ostdeutsche Mitbestimmung im historischen Wandel\" href=\"https:\/\/www.soziologie.phil.fau.de\/miwo\/\" target=\"_blank\" rel=\"noopener\">The historical change of East-German Codetermination<\/a><\/li>\n<li><a href=\"https:\/\/www.caritas-bodensee-oberschwaben.de\/aktuelles\/nachrichten\/projektvorstellung-democrazy\">Scientific support of the project\u00a0 #Democrazy (REACT-EU initiative of the European Union )<\/a><\/li>\n<li><a href=\"https:\/\/www.soziologie.phil.fau.de\/forschung\/adoleszenz-und-erwerbsarbeit\/\">PhD &#8220;Adoleszenz und Erwerbsarbeit. Jugendliche Arbeitsorientierungen im Postfordismus&#8221; (&#8220;Adolescence and gainful employment. Work orientation of young people inside postfordism&#8221;).<\/a><\/li>\n<li>Survey of first-year students studying sociology (2010-2024)\u00a0<\/li>\n<li><a href=\"https:\/\/www.soziologie.phil.fau.de\/forschung\/werkstudierende-und-gewerkschaften-eine-qualitative-studie-zur-erwerbs-und-interessenorientierung-von-werkstudierenden-in-der-metropolregion-nuernberg\/\">Educational Research <\/a><a href=\"https:\/\/www.soziologie.phil.fau.de\/forschung\/werkstudierende-und-gewerkschaften-eine-qualitative-studie-zur-erwerbs-und-interessenorientierung-von-werkstudierenden-in-der-metropolregion-nuernberg\/\">Working students and trade unions: A qualitative study of employment and interest orientation of working students in the region of Nuremberg<\/a><\/li>\n<\/ul>\n\n<\/div><\/div><\/div><\/div>\n\n<div class=\"wp-block-rrze-elements-collapse \"><div class=\"accordion-group \"><h2 class=\"accordion-heading\"><button class=\"accordion-toggle\" data-toggle=\"collapse\" data-name=\"current-teachung-schedule\" data-href=\"#current-teachung-schedule\" type=\"button\" aria-expanded=\"false\" aria-controls=\"current-teachung-schedule-section\" id=\"current-teachung-schedule\">Current teachung schedule<\/button><\/h2><div id=\"current-teachung-schedule-section\" class=\"accordion-body \" aria-labelledby=\"current-teachung-schedule\" role=\"region\" name=\"current-teachung-schedule\"><div class=\"accordion-inner clearfix\">\n\nNo matching records found.\n\n<\/div><\/div><\/div><\/div>\n<\/div><\/div>\n\n\n<p><span style=\"background-color: transparent\">&nbsp;<\/span><\/p>\n","protected":false},"excerpt":{"rendered":"<p>Main areas of research Publication and research &nbsp;<\/p>\n","protected":false},"author":4696,"featured_media":0,"parent":9110,"menu_order":0,"comment_status":"closed","ping_status":"closed","template":"","meta":{"_rrze_cache":"enabled","_rrze_multilang_single_locale":"en_US","_rrze_multilang_single_source":"https:\/\/soziologie-phil.cms.rrze.uni-erlangen.de\/?page_id=1648","footnotes":""},"page_category":[],"page_tag":[],"workflow_usergroup":[],"class_list":["post-15613","page","type-page","status-publish","hentry","en-US"],"_links":{"self":[{"href":"https:\/\/www.soziologie.phil.fau.de\/wp-json\/wp\/v2\/pages\/15613","targetHints":{"allow":["GET"]}}],"collection":[{"href":"https:\/\/www.soziologie.phil.fau.de\/wp-json\/wp\/v2\/pages"}],"about":[{"href":"https:\/\/www.soziologie.phil.fau.de\/wp-json\/wp\/v2\/types\/page"}],"author":[{"embeddable":true,"href":"https:\/\/www.soziologie.phil.fau.de\/wp-json\/wp\/v2\/users\/4696"}],"replies":[{"embeddable":true,"href":"https:\/\/www.soziologie.phil.fau.de\/wp-json\/wp\/v2\/comments?post=15613"}],"version-history":[{"count":2,"href":"https:\/\/www.soziologie.phil.fau.de\/wp-json\/wp\/v2\/pages\/15613\/revisions"}],"predecessor-version":[{"id":18229,"href":"https:\/\/www.soziologie.phil.fau.de\/wp-json\/wp\/v2\/pages\/15613\/revisions\/18229"}],"up":[{"embeddable":true,"href":"https:\/\/www.soziologie.phil.fau.de\/wp-json\/wp\/v2\/pages\/9110"}],"wp:attachment":[{"href":"https:\/\/www.soziologie.phil.fau.de\/wp-json\/wp\/v2\/media?parent=15613"}],"wp:term":[{"taxonomy":"page_category","embeddable":true,"href":"https:\/\/www.soziologie.phil.fau.de\/wp-json\/wp\/v2\/page_category?post=15613"},{"taxonomy":"page_tag","embeddable":true,"href":"https:\/\/www.soziologie.phil.fau.de\/wp-json\/wp\/v2\/page_tag?post=15613"},{"taxonomy":"workflow_usergroup","embeddable":true,"href":"https:\/\/www.soziologie.phil.fau.de\/wp-json\/wp\/v2\/workflow_usergroup?post=15613"}],"curies":[{"name":"wp","href":"https:\/\/api.w.org\/{rel}","templated":true}]}}