{"id":15817,"date":"2025-08-12T12:27:38","date_gmt":"2025-08-12T10:27:38","guid":{"rendered":"https:\/\/www.soziologie.phil.fau.de\/?page_id=15817"},"modified":"2026-04-13T11:22:23","modified_gmt":"2026-04-13T09:22:23","slug":"holland","status":"publish","type":"page","link":"https:\/\/www.soziologie.phil.fau.de\/en\/institut\/team\/holland\/","title":{"rendered":"Judith Holland"},"content":{"rendered":"\n<div class=\"wp-block-columns is-layout-flex wp-container-core-columns-is-layout-28f84493 wp-block-columns-is-layout-flex\">\n<div class=\"wp-block-column is-layout-flow wp-block-column-is-layout-flow\">\n<h3 class=\"wp-block-heading\">Main Research Focus<\/h3>\n\n\n\n<ul class=\"wp-block-list\">\n<li>&nbsp;Sociology of labour and organization<\/li>\n\n\n\n<li>Research on Gender<\/li>\n\n\n\n<li>Comparative social analysis<\/li>\n\n\n\n<li>reconstructive social research<\/li>\n<\/ul>\n<\/div>\n\n\n\n<div class=\"wp-block-column is-layout-flow wp-block-column-is-layout-flow\"><div class=\"faudir\">\r\n         <div class=\"format-compact\">\r\n        \r\n                <section class=\"format-compact-container\" aria-labelledby=\"section-title-299335-1658\" itemscope itemtype=\"https:\/\/schema.org\/Person\">\r\n                                            <div class=\"profile-image-section\"> \r\n                            <figure itemprop=\"image\" itemscope itemtype=\"http:\/\/schema.org\/ImageObject\"><img loading=\"lazy\" decoding=\"async\" src=\"https:\/\/www.soziologie.phil.fau.de\/files\/2018\/04\/Judith.Holland.jpg\" alt=\"JH\" srcset=\"https:\/\/www.soziologie.phil.fau.de\/files\/2018\/04\/Judith.Holland.jpg 333w, https:\/\/www.soziologie.phil.fau.de\/files\/2018\/04\/Judith.Holland-233x300.jpg 233w, https:\/\/www.soziologie.phil.fau.de\/files\/2018\/04\/Judith.Holland-117x150.jpg 117w, https:\/\/www.soziologie.phil.fau.de\/files\/2018\/04\/Judith.Holland-114x147.jpg 114w, https:\/\/www.soziologie.phil.fau.de\/files\/2018\/04\/Judith.Holland-86x110.jpg 86w, https:\/\/www.soziologie.phil.fau.de\/files\/2018\/04\/Judith.Holland-156x200.jpg 156w, https:\/\/www.soziologie.phil.fau.de\/files\/2018\/04\/Judith.Holland-93x120.jpg 93w\" itemprop=\"contentUrl\"><meta itemprop=\"width\" content=\"333\"><meta itemprop=\"height\" content=\"428\"><meta itemprop=\"license\" content=\"https:\/\/www.soziologie.phil.fau.de\/imprint\"><\/figure>                        <\/div>\r\n                                            <header class=\"profile-header\">\r\n                       <h1 id=\"section-title-299335-1658\"><a itemprop=\"url\" href=\"https:\/\/www.soziologie.phil.fau.de\/faudir\/judith-holland\/\"><span class=\"displayname\" itemprop=\"name\"><abbr title=\"Doctor\" itemprop=\"honorificPrefix\">Dr.<\/abbr> <span class=\"namepart\"><span itemprop=\"givenName\">Judith<\/span> <span itemprop=\"familyName\">Holland<\/span><\/span><\/span><\/a><\/h1><p class=\"organisation_name\"><span class=\"organization\" itemprop=\"name\">Professorship for Sociology focusing on Comparing Societies<\/span><\/p><p class=\"jobtitle\">Research associates<\/p>                \r\n                     <\/header>\r\n                     <div class=\"profile-details\">   \r\n                        <div class=\"profile-contact\"><h2 class=\"contact-title\">Contact<\/h2><ul class=\"icon list-icons\"><li class=\"email listcontent\"><span class=\"value\"><span class=\"screen-reader-text\">Email: <\/span><a itemprop=\"email\" href=\"mailto:judith.holland@fau.de\">judith.holland@fau.de<\/a><\/span><\/li><\/ul><\/div>                 <\/div>\r\n                <\/section>    \r\n                <\/div>\r\n\r\n<\/div><\/div>\n<\/div>\n\n\n\n<h3 class=\"wp-block-heading\">CV<\/h3>\n\n\n\n<ul class=\"wp-block-list\">\n<li><strong>since 2019: <\/strong>Scientific staff at the institute of sociology at FAU Erlangen-Nuremberg<\/li>\n\n\n\n<li><strong>2019: <\/strong>Organising the conference <em>Conflicts of labour and gender <\/em>at FAU<\/li>\n\n\n\n<li><strong>2018: <\/strong>PhD (Dr. phil) at the faculty of philosophy in the subject of sociology, FAU Erlangen-Nuremberg<\/li>\n\n\n\n<li><strong>2017-2018: <\/strong>Leading board member of the interdisciplinary centre Gender Difference Diversity (IZGDD)<\/li>\n\n\n\n<li><strong>since 2016: <\/strong>Staff of the office of gender and diversity\/diversity mangement at FAU<\/li>\n\n\n\n<li><strong>2015: <\/strong>Organising the conference <em>Gender perspectives on trade unions <\/em>at FAU, awarded the Renate-Wittern-Sterzel-Price (equality award) 2016<\/li>\n\n\n\n<li><strong>2013: <\/strong>Organising the GIRA yearly conference 2013 <em>Internation and Comparative Industrial Relations <\/em>at FAU<\/li>\n\n\n\n<li><strong>2013-2016: <\/strong>PhD scholarship of the Hans-Bl\u00f6ckler-Stiftung<\/li>\n\n\n\n<li><strong>2012: <\/strong>Organising the international conference <em>Labour Market and Industrial Relations in Vietnam<\/em> supported by the DFG at FAU<\/li>\n\n\n\n<li><strong>2011-2013: <\/strong>Scientific staff at the institute of sociology at the Chair of Prof. Dr. Ingrid Artus<\/li>\n\n\n\n<li><strong>2005-2011: <\/strong>Study of galloroman philologie, political sciences and sociology at FAU Erlangen-Nuremberg, graduated as Magister Artium, foreign language magister in french<\/li>\n<\/ul>\n\n\n\n<h3 class=\"wp-block-heading\">Research Projects<\/h3>\n\n\n\n<ul class=\"wp-block-list\">\n<li><a href=\"https:\/\/www.soziologie.phil.fau.de\/migrew\/\">Migrants as trade union activists. About the construction of intersectional solidarity<\/a><\/li>\n\n\n\n<li><a title=\"Ostdeutsche Mitbestimmung im historischen Wandel\" href=\"https:\/\/www.soziologie.phil.fau.de\/miwo\/\" target=\"_blank\" rel=\"noopener\"><\/a><a href=\"https:\/\/www.soziologie.phil.fau.de\/miwo\/\" target=\"_blank\" rel=\"noreferrer noopener\">The historical change of East-German Codetermination<\/a><\/li>\n\n\n\n<li><a href=\"\/perspektiven-auf-gewerkschaftliche-geschlechterpolitik-und-ihre-praxis-im-deutsch-franzoesischen-vergleich\/\">The gender politics of trade unions in a german-french comparison &#8211; A typology of interpretation patterns <\/a><\/li>\n<\/ul>\n\n\n\n<h3 class=\"wp-block-heading\">Publications<\/h3>\n\n\n\n<ul class=\"wp-block-list\">\n<li><strong>Holland, Judith\/Schreyer, Jasmin (2023)<\/strong>: Diverse Mitglieder, diverse Betriebe \u2212 neue Herausforderungen f\u00fcr die Gewerkschaftspolitik? In: Funder, Maria\/Gruhlich, Julia\/Hossain, Nina (Hg.): Diversit\u00e4ts- und Organisationsforschung. Handbuch f\u00fcr Wissenschaft und Praxis. Baden-Baden: Nomos, S. 331\u2212349. <a href=\"https:\/\/www.nomos-shop.de\/nomos\/titel\/diversitaets-und-organisationsforschung-id-108026\/\">Link zum Verlag<\/a><\/li>\n\n\n\n<li><strong>Holland, Judith (2023)<\/strong>: Die (in)\u00e9galit\u00e9 de salaires in Frankreich \u2013 gewerkschaftliche Positionen im sozialhistorischen Kontext. In: Wiede, Wiebke\/Wolf, Johanna\/Fattmann, Rainer (Hg.): Gender Pay Gap. Vom Wert und Unwert von Arbeit in Geschichte und Gegenwart. Bonn: Dietz, S. 243\u2212259. <a href=\"https:\/\/dietz-verlag.de\/isbn\/9783801242589\/Gender-Pay-Gap-Vom-Wert-und-Unwert-von-Arbeit-in-Geschichte-und-Gegenwart\">Link zum Verlag<\/a><\/li>\n\n\n\n<li><strong>Whittall, Michael\/Artus, Ingrid\/Fischer, Andreas\/Holland, Judith (2023)<\/strong>: Allemagne. Les strat\u00e9gies d\u2019IG Metall en mati\u00e8re de n\u00e9gociation collective: \u00e0 l\u2019est, rien de nouveau? In: Chronique internationale de l\u2019IRES N\u00b0 183, S. 67\u201383.<\/li>\n\n\n\n<li><strong>Artus, Ingrid\/Fischer, Andreas\/Gellenthien, Tobias\/Holland, Judith\/Whittall, Michael (2023)<\/strong>: Ostdeutsche Mitbestimmung revisited. Betriebsr\u00e4te 30 Jahre nach der \u00bbWende\u00ab. In PROKLA 212, Jg. 53, H. 3, S. 493\u2013513. <a href=\"https:\/\/www.labournet.de\/?p=214018\">Link zu LabourNet<\/a><\/li>\n\n\n\n<li><strong>Artus, Ingrid\/Fischer, Andreas\/Holland, Judith\/Whittall, Michael (2023)<\/strong>: Im Osten was Neues? Tarifpolitische Strategien der IG Metall in Ostdeutschland. In: PROKLA 211 Jg. 53, H. 2, S. 245\u2212266.<\/li>\n\n\n\n<li><strong>Holland, Judith (2023)<\/strong>: Uwe Fuhrmann: Feminismus in der fr\u00fchen Gewerkschaftsbewegung (1890\u20131914). Die Strategien der Buchdruckerei HilfsarbeiterInnen um Paula Thiede (Rezension). In: VSWG Vierteljahrschrift f\u00fcr Sozial- und Wirtschaftsgeschichte Jg. 110, H. 1, S. 120\u2013121. <a href=\"https:\/\/biblioscout.net\/content\/99.140005\/vswg202301012001.pdf\">Link zur Zeitschrift<\/a><\/li>\n\n\n\n<li><strong>Artus, Ingrid\/Holland, Judith (2022)<\/strong>: Trade Unions, Collective Bargaining and Gender in Germany. In: Anna Elom\u00e4ki\/Johanna Kantola\/Paula Koskinen Sandberg (Hg.): Social Partners and Gender Equality. Change and Continuity in Gendered Corporatism in Europe. Series Gender and Politics. Cham: Palgrave Macmillan, S. 223\u2212244. <a href=\"https:\/\/link.springer.com\/book\/10.1007\/978-3-030-81178-5\">Link zum Verlag<\/a><\/li>\n\n\n\n<li><strong>Holland, Judith<\/strong> <strong>(2020)<\/strong>: Geschlechterwissen in Gewerkschaften \u2013 eine Typologie von Deutungsmustern gewerkschaftlicher Geschlechterpolitik. In: Arbeits- und Industriesoziologische Studien Jg. 13, H. 2, S. 161\u2013174. <a href=\"https:\/\/www.arbsoz.de\/ais-studien-2020\">Link zur Zeitschrift<\/a><\/li>\n\n\n\n<li><strong>Artus, Ingrid\/Bennewitz, Nadja\/Henninger, Annette\/Holland, Judith\/Kerber-Clasen, Stefan (2020)<\/strong>: Arbeitskonflikte sind Geschlechterk\u00e4mpfe. Sozialwissenschaftliche und historische Perspektiven. Reihe: Arbeit \u2013 Demokratie \u2013 Geschlecht. M\u00fcnster: Westf\u00e4lisches Dampfboot. <a href=\"https:\/\/www.dampfboot-verlag.de\/de\/product\/arbeitskonflikte-sind-geschlechterkaempfe\">Link zum Verlag<\/a><\/li>\n\n\n\n<li><strong>Holland, Judith (2020)<\/strong><strong>: <\/strong>Gewerkschaftliche Geschlechterpolitik. Ein deutsch-franz\u00f6sischer Vergleich. (Dissertation Zusammenfassung). In: Trajectoires, 13 | 2020. Online erschienen am 30. M\u00e4rz 2020, <a href=\"http:\/\/journals.openedition.org\/trajectoires\/4939\">Link zur Zeitschrift<\/a>.<\/li>\n\n\n\n<li><strong>Artus, Ingrid\/Bennewitz, Nadja\/Holland, Judith (2019): <\/strong>Tagungsbericht: Arbeitskonflikte und Gender \u2013 aktuelle und historische Perspektiven, 21.03. \u2013 22.03.2019 in N\u00fcrnberg. In: H-Soz-Kult, 10.09.2019, <a href=\"https:\/\/www.hsozkult.de\/conferencereport\/id\/fdkn-126997\">Link zur Zeitschrift<\/a>.<strong><br><\/strong><\/li>\n\n\n\n<li><strong>Holland, Judith (2019): <\/strong>Gewerkschaften und Geschlechter(un)gleichheit: Historische Einblicke, aktuelle Befunde und Handlungsperspektiven. In: Rudolph, Clarissa\/Schmidt, Katja (Hg.): Interessenvertretung und Care \u2013 Voraussetzungen, Akteure und Handlungsebenen. Reihe: Arbeit \u2013 Demokratie \u2013 Geschlecht. M\u00fcnster: Westf\u00e4lisches Dampfboot, S. 94\u2013109.<\/li>\n\n\n\n<li><strong>Holland, Judith (2019): <\/strong>Gewerkschaftliche Geschlechterpolitik. Ein deutsch-franz\u00f6sischer Vergleich. Reihe: Arbeit, Organisation und Geschlecht in Wirtschaft und Gesellschaft, Bd. 9. Hg. v. Maria Funder, Daniela Rastetter und Sylvia M. Wilz. Baden-Baden: Nomos. <a title=\"PDF\" href=\"https:\/\/www.soziologie.phil.fau.de\/files\/2019\/06\/FLYER_Holland_5605-6_D_E.pdf\" target=\"_blank\" rel=\"noopener noreferrer\">Download<\/a><\/li>\n\n\n\n<li><strong>Holland, Judith (2019):<\/strong> Gleichstellung in Gewerkschaften? Ein deutsch-franz\u00f6sischer Vergleich. In: DDS. Zeitschrift der Gewerkschaft Erziehung und Wissenschaft. Landesverband Bayern, M\u00e4rz 2019, S. 9f.<\/li>\n\n\n\n<li><strong>Holland, Judith (2018)<\/strong>: Geschichte(n). Der Workshop \u201aFrauen und Gewerkschaften\u2018 w\u00e4hrend der HBS-Wissenschaftlerinnen-Werkstatt 2013. In: Engel, Sonja\/Fr\u00fchauf, Marie\/Glaeser, Janina\/Schulze, Kathrin (Hg.): Die Arbeit der Geschlechter \u2013 Neue Wege und tradierte Pfade.<br>Dokumentation der Wissenschaftlerinnen-Werkstatt der Promovierenden der Hans-B\u00f6ckler-Stiftung 2013. <a href=\"https:\/\/doi.org\/10.17185\/duepublico\/45727\">Download<\/a><\/li>\n\n\n\n<li><strong>Artus, Ingrid\/Blien, Uwe\/Holland, Judith\/Phan, Hong Van (2016): <\/strong>Labour Market and Industrial Relations in Vietnam. Baden-Baden: Nomos, Bloomsbury.<\/li>\n\n\n\n<li><strong>Pfl\u00fcger, Jessica\/Holland, Judith (2013):<\/strong> International and Comparative Industrial Relations. Report on the Annual Conference of the German Industrial Relations Association (GIRA), 10.\u201311.10.2013, Erlangen. In: Industrielle Beziehungen, Jg. 20, H. 4, S. 418\u2013421. <a title=\"Download\" href=\"https:\/\/www.soziologie.phil.fau.de\/files\/2018\/01\/Tagungsbericht-Holland-2.pdf\" target=\"_blank\" rel=\"noopener noreferrer\">Download<\/a><\/li>\n\n\n\n<li><strong>Artus, Ingrid\/Holland, Judith (2013): <\/strong>Von der Belebung des toten Ritters in seiner R\u00fcstung: Coalition building und Gewerkschaftsproteste in Frankreich. In: Schmalz, Stefan\/D\u00f6rre, Klaus (Hg.): Comeback der Gewerkschaften? Machtressourcen, innovative Praktiken, internationale Perspektiven. Frankfurt am Main\/New York, S. 131\u2013147.<\/li>\n\n\n\n<li><strong>Holland, Judith\/Kerber-Clasen, Stefan (2012):<\/strong> Tagungsbericht. Industrielle Beziehungen im Dienstleistungsbereich. Jahrestagung der deutschen Sektion der International Labour and Employment Relations Association (ILERA) am 13. und 14. Oktober 2011 in D\u00fcsseldorf. In: Industrielle Beziehungen, Jg. 19, H. 1, S. 64\u201369. <a title=\"Download\" href=\"https:\/\/www.soziologie.phil.fau.de\/files\/2018\/01\/Tagungsbericht-Holland.pdf\" target=\"_blank\" rel=\"noopener noreferrer\">Download<\/a><\/li>\n<\/ul>\n\n\n\n<h3 class=\"wp-block-heading\">Awards<\/h3>\n\n\n\n<p><a href=\"https:\/\/www.gender-und-diversity.fau.de\/gender\/preise-und-wettbewerbe\/renate-wittern-sterzel-preis-gleichstellungspreis\/\">Renate-Wittern-Sterzel-Award (equal opportunities award) 2016<\/a><\/p>\n\n\n\n<p>By awarding the Renate-Wittern-Equality-Award to Prof. Dr. Artus, Judith Holland and Stefan Kerber-Clasen the FAU is honoring their extraordinary engagement to supporting gender research in the space of research on labour markets and trade unions. Special credit has to go to their research on \u201cTrade Unions and Gender\u201d. A topic that is of huge societal and economical relevance and that has not found its reappraisal in european but especially german spaces. We congratulate you! <a href=\"https:\/\/www.soziologie.phil.fau.de\/files\/2018\/07\/Video.Gleichstellungspreis.HD_.mp4\">Video.Gleichstellungspreis.HD<\/a><\/p>\n\n\n\n<h3 class=\"wp-block-heading\">Memberships<\/h3>\n\n\n\n<ul class=\"wp-block-list\">\n<li>Member of the German Industrial Relations Association (GIRA)<\/li>\n\n\n\n<li>Member of the interdisciplinary centre Gender Difference Diversity (IZGDD) at FAU Erlangen Nuremberg<\/li>\n\n\n\n<li>Member of the Alumni-Association of the Institute of sociology Erlangen ASE e.V.<\/li>\n<\/ul>\n\n\n<div class=\"wp-block-rrze-elements-collapsibles \"><div class=\"accordion\">\n<div class=\"wp-block-rrze-elements-collapse \"><div class=\"accordion-group \"><h2 class=\"accordion-heading\"><button class=\"accordion-toggle\" data-toggle=\"collapse\" data-name=\"current-teaching-schedule\" data-href=\"#current-teaching-schedule\" type=\"button\" aria-expanded=\"false\" aria-controls=\"current-teaching-schedule-section\" id=\"current-teaching-schedule\">Current Teaching Schedule<\/button><\/h2><div id=\"current-teaching-schedule-section\" class=\"accordion-body \" aria-labelledby=\"current-teaching-schedule\" role=\"region\" name=\"current-teaching-schedule\"><div class=\"accordion-inner clearfix\">\n\nNo matching records found.\n\n<\/div><\/div><\/div><\/div>\n<\/div><\/div>","protected":false},"excerpt":{"rendered":"<p>Main Research Focus CV Research Projects Publications Awards Renate-Wittern-Sterzel-Award (equal opportunities award) 2016 By awarding the Renate-Wittern-Equality-Award to Prof. Dr. Artus, Judith Holland and Stefan Kerber-Clasen the FAU is honoring their extraordinary engagement to supporting gender research in the space of research on labour markets and trade unions. Special credit has to go to their [&hellip;]<\/p>\n","protected":false},"author":4696,"featured_media":0,"parent":9110,"menu_order":0,"comment_status":"closed","ping_status":"closed","template":"","meta":{"_rrze_cache":"enabled","_rrze_multilang_single_locale":"en_US","_rrze_multilang_single_source":"https:\/\/soziologie-phil.cms.rrze.uni-erlangen.de\/?page_id=1759","footnotes":""},"page_category":[],"page_tag":[],"workflow_usergroup":[],"class_list":["post-15817","page","type-page","status-publish","hentry","en-US"],"_links":{"self":[{"href":"https:\/\/www.soziologie.phil.fau.de\/wp-json\/wp\/v2\/pages\/15817","targetHints":{"allow":["GET"]}}],"collection":[{"href":"https:\/\/www.soziologie.phil.fau.de\/wp-json\/wp\/v2\/pages"}],"about":[{"href":"https:\/\/www.soziologie.phil.fau.de\/wp-json\/wp\/v2\/types\/page"}],"author":[{"embeddable":true,"href":"https:\/\/www.soziologie.phil.fau.de\/wp-json\/wp\/v2\/users\/4696"}],"replies":[{"embeddable":true,"href":"https:\/\/www.soziologie.phil.fau.de\/wp-json\/wp\/v2\/comments?post=15817"}],"version-history":[{"count":2,"href":"https:\/\/www.soziologie.phil.fau.de\/wp-json\/wp\/v2\/pages\/15817\/revisions"}],"predecessor-version":[{"id":18233,"href":"https:\/\/www.soziologie.phil.fau.de\/wp-json\/wp\/v2\/pages\/15817\/revisions\/18233"}],"up":[{"embeddable":true,"href":"https:\/\/www.soziologie.phil.fau.de\/wp-json\/wp\/v2\/pages\/9110"}],"wp:attachment":[{"href":"https:\/\/www.soziologie.phil.fau.de\/wp-json\/wp\/v2\/media?parent=15817"}],"wp:term":[{"taxonomy":"page_category","embeddable":true,"href":"https:\/\/www.soziologie.phil.fau.de\/wp-json\/wp\/v2\/page_category?post=15817"},{"taxonomy":"page_tag","embeddable":true,"href":"https:\/\/www.soziologie.phil.fau.de\/wp-json\/wp\/v2\/page_tag?post=15817"},{"taxonomy":"workflow_usergroup","embeddable":true,"href":"https:\/\/www.soziologie.phil.fau.de\/wp-json\/wp\/v2\/workflow_usergroup?post=15817"}],"curies":[{"name":"wp","href":"https:\/\/api.w.org\/{rel}","templated":true}]}}