{"id":16032,"date":"2025-09-02T10:59:09","date_gmt":"2025-09-02T08:59:09","guid":{"rendered":"https:\/\/www.soziologie.phil.fau.de\/?page_id=16032"},"modified":"2025-09-02T10:59:10","modified_gmt":"2025-09-02T08:59:10","slug":"rojda-uruk-m-a","status":"publish","type":"page","link":"https:\/\/www.soziologie.phil.fau.de\/en\/rojda-uruk-m-a\/","title":{"rendered":"Rojda\u00a0Uruk,\u00a0M.A."},"content":{"rendered":"<aside class=\"pull-right\">\n\n<figure class=\"wp-block-image alignright size-large is-resized\"><div class=\"image-wrapper\"><img loading=\"lazy\" decoding=\"async\" src=\"https:\/\/www.soziologie.phil.fau.de\/files\/2024\/09\/RojdaHomepage-scaled-e1727350762283-823x1024.jpg\" alt=\"\" class=\"wp-image-11303 tall-image\" srcset=\"https:\/\/www.soziologie.phil.fau.de\/files\/2024\/09\/RojdaHomepage-scaled-e1727350762283-823x1024.jpg 823w, https:\/\/www.soziologie.phil.fau.de\/files\/2024\/09\/RojdaHomepage-scaled-e1727350762283-241x300.jpg 241w, https:\/\/www.soziologie.phil.fau.de\/files\/2024\/09\/RojdaHomepage-scaled-e1727350762283-768x955.jpg 768w, https:\/\/www.soziologie.phil.fau.de\/files\/2024\/09\/RojdaHomepage-scaled-e1727350762283-1235x1536.jpg 1235w, https:\/\/www.soziologie.phil.fau.de\/files\/2024\/09\/RojdaHomepage-scaled-e1727350762283-48x60.jpg 48w, https:\/\/www.soziologie.phil.fau.de\/files\/2024\/09\/RojdaHomepage-scaled-e1727350762283-88x110.jpg 88w, https:\/\/www.soziologie.phil.fau.de\/files\/2024\/09\/RojdaHomepage-scaled-e1727350762283-193x240.jpg 193w, https:\/\/www.soziologie.phil.fau.de\/files\/2024\/09\/RojdaHomepage-scaled-e1727350762283-257x320.jpg 257w, https:\/\/www.soziologie.phil.fau.de\/files\/2024\/09\/RojdaHomepage-scaled-e1727350762283-378x470.jpg 378w, https:\/\/www.soziologie.phil.fau.de\/files\/2024\/09\/RojdaHomepage-scaled-e1727350762283.jpg 1399w\" \/><button class=\"image-fullscreen-btn\" onclick=\"openImageFullscreen('https:\/\/www.soziologie.phil.fau.de\/files\/2024\/09\/RojdaHomepage-scaled-e1727350762283.jpg')\">\u26f6<\/button><\/div><\/figure>\n\n<\/aside>\n\n\n<p>Institute of sociology<br>Chair of sociology with the main focus on technology &#8211;  labour &#8211; society (Prof. Dr. Pfeiffer)<br>Room11.2.08<br>F\u00fcrther Stra\u00dfe 246c<br>90429 N\u00fcrnberg<\/p>\n\n\n\n<ul class=\"wp-block-list\">\n<li>E-Mail: <a href=\"mailto:rojda.uruk@fau.de\">rojda.uruk@fau.de<\/a><\/li>\n<\/ul>\n\n\n\n<p><a href=\"https:\/\/www.soziologie.phil.fau.de\/institut\/soziologie-am-nct\/\">Soziologie at NCT<\/a><\/p>\n\n\n\n<p>Even during studying sociology at Friedrich-Alexander-University of Erlangen-Nuremberg I have been interested in the topics of sociology of labour and industry, social injustice and sociological theory. While studying I was able to make some publications. One of this was my masters&#8217; thesis which I was published as part of the series &#8220;Best Masters&#8221; of the Springer Verlag. The topic of which was &#8220;Marxistische Kritik an Intersektionalit\u00e4tsforschung&#8221; (&#8220;Marxist Critique on research on intersectionality&#8221;).<\/p>\n\n\n\n<p>I&#8217;m receiving a Hans-Bl\u00f6ckler-Scholarship to support my PhD and am researching the connection of unions and migration. <\/p>\n\n\n\n<p><a href=\"https:\/\/www.researchgate.net\/profile\/Rojda-Uruk\">Rojda Uruk on Research Gate\u00a0<\/a><\/p>\n\n\n<div class=\"wp-block-rrze-elements-collapsibles \"><div class=\"accordion\">\n<div class=\"wp-block-rrze-elements-collapse \"><div class=\"accordion-group \"><h2 class=\"accordion-heading\"><button class=\"accordion-toggle\" data-toggle=\"collapse\" data-name=\"publications\" data-href=\"#publications\" type=\"button\" aria-expanded=\"false\" aria-controls=\"publications-section\" id=\"publications\">Publications<\/button><\/h2><div id=\"publications-section\" class=\"accordion-body \" aria-labelledby=\"publications\" role=\"region\" name=\"publications\"><div class=\"accordion-inner clearfix\">\n<div class=\"cris\"><h3>2025<\/h3><ul class=\"cris-publications \" lang=\"en\"><li itemscope itemtype=\"http:\/\/schema.org\/ScholarlyArticle\"><span class=\"author\" itemprop=\"author\">K\u00f6nig V.<\/span>, <span class=\"author\" itemprop=\"author\">M\u00fcller A.<\/span>, <span class=\"author\" itemprop=\"author\">Uruk R.<\/span>, <span class=\"author\" itemprop=\"author\">Beck J.<\/span>, <span class=\"author\" itemprop=\"author\">Bochert M.<\/span>, <span class=\"author\" itemprop=\"author\">Gellenthien T.<\/span>, <span class=\"author\" itemprop=\"author\">Japp H.<\/span>, <span class=\"author\" itemprop=\"author\">Artus I.<\/span>:<br \/><span class=\"title\" itemprop=\"name\"><strong><a href=\"https:\/\/cris.fau.de\/publications\/337712892?lang=en_GB\" title=\"Detailansicht in neuem Fenster &ouml;ffnen\">Generation und Mitbestimmung in Ostdeutschland: Von \u201eJungen Taufrischen\u201c und \u201eAlten Hasen\u201c<\/a><\/strong><\/span><br \/><span itemscope itemtype=\"http:\/\/schema.org\/Book\">In: <span itemprop=\"author\">Detlev Brunner; Michaela Kuhnhenne (ed.): <\/span><span itemprop=\"name\"><strong>Gewerkschaften und ostdeutsche Transformation. Mitgestaltung - Mitbestimmung?<\/strong><\/span>, <span itemprop=\"publisher\" itemscope itemtype=\"http:\/\/schema.org\/Organization\"><span class=\"city\" itemprop=\"address\" itemscope itemtype=\"http:\/\/schema.org\/PostalAddress\"><span itemprop=\"addressLocality\">Bielefeld<\/span><\/span>: <span itemprop=\"name\">transcript Verlag<\/span><\/span>, <span itemprop=\"datePublished\">2025<\/span>, p. <span itemprop=\"pagination\">223-241<\/span> (Forschung aus der Hans-B\u00f6ckler-Stiftung)<\/span><br \/>URL: <a href='https:\/\/www.transcript-verlag.de\/978-3-8376-7890-1\/gewerkschaften-und-ostdeutsche-transformation\/' target='blank' itemprop=\"url\">https:\/\/www.transcript-verlag.de\/978-3-8376-7890-1\/gewerkschaften-und-ostdeutsche-transformation\/<\/a><\/li><li itemscope itemtype=\"http:\/\/schema.org\/ScholarlyArticle\"><span class=\"author\" itemprop=\"author\">Uruk R.<\/span>:<br \/><span class=\"title\" itemprop=\"name\"><strong><a href=\"https:\/\/cris.fau.de\/publications\/348047153?lang=en_GB\" title=\"Detailansicht in neuem Fenster &ouml;ffnen\">Anne Lisa Carstensen; Peter Birke; Nikolai Huke; Lisa Riedner: Migrantische Arbeit: Multiple Prekarit\u00e4t<\/a><\/strong><\/span><br \/> (<span itemprop=\"datePublished\">2025<\/span>)<\/span><br \/>(Rezension)<\/li><\/ul><h3>2024<\/h3><ul class=\"cris-publications \" lang=\"en\"><li itemscope itemtype=\"http:\/\/schema.org\/Book\"><span class=\"author\" itemprop=\"author\">Uruk R.<\/span>:<br \/><span class=\"title\" itemprop=\"name\"><strong><a href=\"https:\/\/cris.fau.de\/publications\/336830963?lang=en_GB\" title=\"Detailansicht in neuem Fenster &ouml;ffnen\">Marxistische Kritik an Intersektionalit\u00e4tsforschung<\/a><\/strong><\/span><br \/><span itemprop=\"publisher\" itemscope itemtype=\"http:\/\/schema.org\/Organization\"><span class=\"city\" itemprop=\"address\" itemscope itemtype=\"http:\/\/schema.org\/PostalAddress\"><span itemprop=\"addressLocality\">Wiesbaden<\/span><\/span>: <span itemprop=\"name\">Springer Fachmedien Wiesbaden GmbH<\/span><\/span>, <span itemprop=\"datePublished\">2024<\/span><br \/><span itemprop=\"isbn\">ISBN: 978-3-658-46413-4<\/span><br \/>DOI: <a href='https:\/\/doi.org\/10.1007\/978-3-658-46414-1' target='blank' itemprop=\"sameAs\">10.1007\/978-3-658-46414-1<\/a><\/li><\/ul><h3>2022<\/h3><ul class=\"cris-publications \" lang=\"en\"><li itemscope itemtype=\"http:\/\/schema.org\/ScholarlyArticle\"><span class=\"author\" itemprop=\"author\">Artus I.<\/span>, <span class=\"author\" itemprop=\"author\">Fischer A.<\/span>, <span class=\"author\" itemprop=\"author\">Morgenstern N.<\/span>, <span class=\"author\" itemprop=\"author\">Uruk R.<\/span>:<br \/><span class=\"title\" itemprop=\"name\"><strong><a href=\"https:\/\/cris.fau.de\/publications\/337703332?lang=en_GB\" title=\"Detailansicht in neuem Fenster &ouml;ffnen\">Soziale Ungleichheit unter Soziologiestudierenden. Eine Analyse anhand der Befragung von Studienanf\u00e4nger*innen am Institut f\u00fcr Soziologie der Friedrich-Alexander-Universit\u00e4t Erlangen-N\u00fcrnberg<\/a><\/strong><\/span><br \/><span itemscope itemtype=\"http:\/\/schema.org\/Book\">In: <span itemprop=\"author\">Victoria Gutsche, Ronja Holzinger, Larissa Pfaller, Melissa Sarikaya (ed.): <\/span><span itemprop=\"name\"><strong>Distinktion, Ausgrenzung und Mobilit\u00e4t - Interdisziplin\u00e4re Perspektiven auf soziale Ungleichheit<\/strong><\/span>, <span itemprop=\"datePublished\">2022<\/span><br \/><span itemprop=\"isbn\">ISBN: 978-3-96147-553-7<\/span><\/span><br \/>DOI: <a href='https:\/\/doi.org\/10.25593\/978-3-96147-554-4' target='blank' itemprop=\"sameAs\">10.25593\/978-3-96147-554-4<\/a><\/span><\/li><\/ul><\/div>\n\n<\/div><\/div><\/div><\/div>\n\n<div class=\"wp-block-rrze-elements-collapse \"><div class=\"accordion-group \"><h2 class=\"accordion-heading\"><button class=\"accordion-toggle\" data-toggle=\"collapse\" data-name=\"lectures\" data-href=\"#lectures\" type=\"button\" aria-expanded=\"false\" aria-controls=\"lectures-section\" id=\"lectures\">Lectures<\/button><\/h2><div id=\"lectures-section\" class=\"accordion-body \" aria-labelledby=\"lectures\" role=\"region\" name=\"lectures\"><div class=\"accordion-inner clearfix\">\n<div class=\"cris\"><div class=\"cris\"><ul class=\"cris-activities\"><li> <strong><a href=\"https:\/\/cris.fau.de\/activities\/342241879?lang=en_GB\" target=\"blank\" title=\"View details on cris.fau.de in new window\">Das Verh\u00e4ltnis von materialistischem und queerem Feminismus<\/a><\/strong><br \/>(Speech \/ Talk) <br \/>15. May 2025, Event: Freie Uni BambergURL: <a href=\"http:\/\/freieunibamberg.de\/2025\/05\/14\/donnerstag-15-05-25-rojda-uruk-das-verhaeltnis-von-materialistischem-und-queerem-feminismus\/\" target=\"blank\" title=\"Open Link in new window.\">http:\/\/freieunibamberg.de\/2025\/05\/14\/donnerstag-15-05-25-rojda-uruk-das-verhaeltnis-von-materialistischem-und-queerem-feminismus\/<\/a><br \/><\/li><li> <strong><a href=\"https:\/\/cris.fau.de\/activities\/340046856?lang=en_GB\" target=\"blank\" title=\"View details on cris.fau.de in new window\">German debate on intersectionality and marxist criticism<\/a><\/strong><br \/>(Speech \/ Talk) <br \/>26. April 2025, Event: Historical Materialism Conference - Organising in CapitaloceneURL: <a href=\"https:\/\/www.historicalmaterialism.org\/event\/historical-materialism-athens-conference-24-27-april-2025\/\" target=\"blank\" title=\"Open Link in new window.\">https:\/\/www.historicalmaterialism.org\/event\/historical-materialism-athens-conference-24-27-april-2025\/<\/a><br \/><\/li><\/ul><\/div><\/div>\n\n<\/div><\/div><\/div><\/div>\n<\/div><\/div>","protected":false},"excerpt":{"rendered":"<p>Institute of sociologyChair of sociology with the main focus on technology &#8211; labour &#8211; society (Prof. Dr. Pfeiffer)Room11.2.08F\u00fcrther Stra\u00dfe 246c90429 N\u00fcrnberg Soziologie at NCT Even during studying sociology at Friedrich-Alexander-University of Erlangen-Nuremberg I have been interested in the topics of sociology of labour and industry, social injustice and sociological theory. While studying I was able [&hellip;]<\/p>\n","protected":false},"author":4696,"featured_media":0,"parent":0,"menu_order":0,"comment_status":"closed","ping_status":"closed","template":"","meta":{"_rrze_cache":"enabled","_rrze_multilang_single_locale":"en_US","_rrze_multilang_single_source":"https:\/\/www.soziologie.phil.fau.de\/?page_id=16029","footnotes":""},"page_category":[],"page_tag":[],"workflow_usergroup":[],"class_list":["post-16032","page","type-page","status-publish","hentry","en-US"],"_links":{"self":[{"href":"https:\/\/www.soziologie.phil.fau.de\/wp-json\/wp\/v2\/pages\/16032","targetHints":{"allow":["GET"]}}],"collection":[{"href":"https:\/\/www.soziologie.phil.fau.de\/wp-json\/wp\/v2\/pages"}],"about":[{"href":"https:\/\/www.soziologie.phil.fau.de\/wp-json\/wp\/v2\/types\/page"}],"author":[{"embeddable":true,"href":"https:\/\/www.soziologie.phil.fau.de\/wp-json\/wp\/v2\/users\/4696"}],"replies":[{"embeddable":true,"href":"https:\/\/www.soziologie.phil.fau.de\/wp-json\/wp\/v2\/comments?post=16032"}],"version-history":[{"count":2,"href":"https:\/\/www.soziologie.phil.fau.de\/wp-json\/wp\/v2\/pages\/16032\/revisions"}],"predecessor-version":[{"id":16123,"href":"https:\/\/www.soziologie.phil.fau.de\/wp-json\/wp\/v2\/pages\/16032\/revisions\/16123"}],"wp:attachment":[{"href":"https:\/\/www.soziologie.phil.fau.de\/wp-json\/wp\/v2\/media?parent=16032"}],"wp:term":[{"taxonomy":"page_category","embeddable":true,"href":"https:\/\/www.soziologie.phil.fau.de\/wp-json\/wp\/v2\/page_category?post=16032"},{"taxonomy":"page_tag","embeddable":true,"href":"https:\/\/www.soziologie.phil.fau.de\/wp-json\/wp\/v2\/page_tag?post=16032"},{"taxonomy":"workflow_usergroup","embeddable":true,"href":"https:\/\/www.soziologie.phil.fau.de\/wp-json\/wp\/v2\/workflow_usergroup?post=16032"}],"curies":[{"name":"wp","href":"https:\/\/api.w.org\/{rel}","templated":true}]}}