{"id":16206,"date":"2025-09-09T10:51:51","date_gmt":"2025-09-09T08:51:51","guid":{"rendered":"https:\/\/www.soziologie.phil.fau.de\/?page_id=16206"},"modified":"2025-09-09T10:55:12","modified_gmt":"2025-09-09T08:55:12","slug":"ipras-preise","status":"publish","type":"page","link":"https:\/\/www.soziologie.phil.fau.de\/en\/institut\/ipras-preise\/","title":{"rendered":"IPRAS-Awards"},"content":{"rendered":"\n<p><strong>The IPRAS-Award is awarded to the best bachelor and master thesis as well as the best dissertation at the institute of sociology at FAU<\/strong><\/p>\n\n\n\n<p>The institute of practical oriented social research (IPRAS) e. V. has been awarding prices to especially good qualification papers since 1995. The &#8220;IPRAS-Preis&#8221; has been awarded yearly to be best bachelor and master thesis at the institute of sociology of the Friedrich-Alexander-University Erlangen-Nuremberg starting 2012. The goal of this award is to support young researchers. Especially talented and engaged students should be recognized for their achievements. Qualification papers, graded with the predicate &#8220;sehr gut&#8221;, can be brought forward. The jury consists of emeritated professors of the institute. They do this on a voluntary basis. Members of the jury are so far Prof. Dr. Michael von Engelhardt, Prof. Dr. Johann Handl and Prof. Dr. Werner Meinefeld. The following list offers an overview about the wide spectrum of topics and the research questions since 2012. All of the titles have not been translated!<\/p>\n\n\n<aside class=\"pull-right\">\n\n<figure class=\"wp-block-image size-large\"><div class=\"image-wrapper\"><img loading=\"lazy\" decoding=\"async\" src=\"https:\/\/www.soziologie.phil.fau.de\/files\/2025\/09\/IMG_2700-1024x683.jpg\" alt=\"\" class=\"wp-image-16208\" srcset=\"https:\/\/www.soziologie.phil.fau.de\/files\/2025\/09\/IMG_2700-1024x683.jpg 1024w, https:\/\/www.soziologie.phil.fau.de\/files\/2025\/09\/IMG_2700-300x200.jpg 300w, https:\/\/www.soziologie.phil.fau.de\/files\/2025\/09\/IMG_2700-768x512.jpg 768w, https:\/\/www.soziologie.phil.fau.de\/files\/2025\/09\/IMG_2700-1536x1024.jpg 1536w, https:\/\/www.soziologie.phil.fau.de\/files\/2025\/09\/IMG_2700-2048x1365.jpg 2048w, https:\/\/www.soziologie.phil.fau.de\/files\/2025\/09\/IMG_2700-60x40.jpg 60w, https:\/\/www.soziologie.phil.fau.de\/files\/2025\/09\/IMG_2700-360x240.jpg 360w, https:\/\/www.soziologie.phil.fau.de\/files\/2025\/09\/IMG_2700-480x320.jpg 480w, https:\/\/www.soziologie.phil.fau.de\/files\/2025\/09\/IMG_2700-705x470.jpg 705w\" \/><button class=\"image-fullscreen-btn\" onclick=\"openImageFullscreen('https:\/\/www.soziologie.phil.fau.de\/files\/2025\/09\/IMG_2700-scaled.jpg')\">\u26f6<\/button><\/div><\/figure>\n\n<\/aside>\n\n\n<p><strong>Awards for the best bachelor and master thesis:<\/strong><\/p>\n\n\n\n<p><strong>2025 Dissertation<\/strong> Kathrin Schlenker:&nbsp;Zur Beziehung von Mensch und Architektur. Eine leibph\u00e4nomenologisch-soziologische Ann\u00e4herung an die vermeintlich schweigsame Dimension des Sozialen.<\/p>\n\n\n\n<p><strong>2025 Masterarbeit<\/strong> Sophie Elisabeth Altschul: Warum Gendern? Auswirkungen gendersensibler Sprache in einer standardisierten Befragung.<\/p>\n\n\n\n<p><strong>2025 Bachelorarbeit<\/strong> Calvin Quinn Allison:&nbsp;Commentary to the Concepts of Violence and Power in Hannah Arendt`s and Walter Benjamin`s Work.<\/p>\n\n\n\n<p><strong>2024 Masterarbeit<\/strong> Sinika Liebert: Identit\u00e4tspolitik als revolution\u00e4re Kraft? Geschlecht, Klasse und sozialer Wandel im Gegenwartskapitalismus.<\/p>\n\n\n\n<p><strong>2024 Bachelorarbeit<\/strong> Leopold Zeitler: Die Sozialit\u00e4t von Robotern aus sozialtheoretischer Perspektive: Eine empirische Ann\u00e4herung im musealen Kontext.<\/p>\n\n\n\n<p><strong>2023 Masterarbeit<\/strong> Magdalena Krell: <span id=\"divtagdefaultwrapper\">Moral bringt uns nicht weiter &#8211; Zur Wahrscheinlichkeit einer erfolgreichen Kommunikation zwischen sozialen Systemen im Bereich Inklusion<\/span><\/p>\n\n\n\n<p><strong>2023 Bachelorarbeit<\/strong> Hannah Hamer: <span id=\"divtagdefaultwrapper\">Welchen Einfluss haben Arbeitsbedingungen, Lernerfahrungen und intrinsische Faktoren auf die Bleibeintention Promovierender in der Wissenschaft<\/span><span id=\"divtagdefaultwrapper\"><\/span><\/p>\n\n\n\n<p><strong>2022 Dissertation<\/strong> Andreas Fischer:&nbsp; Adoleszenz und Erwerbsarbeit. Eine qualitative und quantitative Analyse des subjektiven Verh\u00e4ltnisses Jugendlicher zur Erwerbsarbeit<\/p>\n\n\n\n<p><strong>2022 Masterarbeit<\/strong> Eric Hartmann: Gelingende Modelle einer nachhaltigen Zukunft? Die sozial-\u00f6kologische Transformation in der Landwirtschaft<\/p>\n\n\n\n<p><strong>2022 Bachelorarbeit<\/strong> Clara Hoe\u00df: Versuch einer raumsoziologischen Rekonstruktion des niederl\u00e4ndischen Gew\u00fcrzhandels auf der Basis der Theorien von Pierre Bourdieu<\/p>\n\n\n\n<p><strong>2021 Masterarbeit<\/strong> Luca Reinold: Die rituelle Produktion von Hierarchie und Gemeinschaft in einem Kampfsportverein<\/p>\n\n\n\n<p><strong>2021 Bachelorarbeit<\/strong> Lana Bla\u017eevi\u0107: Brain Waste bei der Erwerbsmigration der Arbeitnehmerinnen aus dem Westbalkan<\/p>\n\n\n\n<p><strong>2020 Masterarbeit<\/strong> Annika Heller: Die Besch\u00e4ftigungsqualit\u00e4t von Green Jobs im Vergleich zu Non-Green Jobs in Deutschland<\/p>\n\n\n\n<p><strong>2020 Bachelorarbeit<\/strong> Yvonne Wei\u00df: Unsozial durch soziale Selektivit\u00e4t? Eine theoretisch-empirische Analyse des dreigliedrigen deutschen Schulsystems<\/p>\n\n\n\n<p><strong>2019 Masterarbeit<\/strong> Stefan R\u00f6hrer: Rekonstruktion der prozesshaften Konstitution sozialer Mobilisierbarkeit innerhalb der Biographie<\/p>\n\n\n\n<p><strong>2019 Bachelorarbeit<\/strong> Alena Klinger: Identit\u00e4t und Differenz. Theorien und Strategien zum gesellschaftlichen Umgang mit Vielfalt<\/p>\n\n\n\n<p><strong>2018 Masterarbeit<\/strong> Veronika J. Knize Estrada: Migrant women labor-force participation in Germany. Human capital, segmented labor market, and gender perspectives<\/p>\n\n\n\n<p><strong>2018 Bachelorarbeit<\/strong> Daniel G\u00fcnther: Habitus und Psyche. Die psychische Dimensionsozialisierter Subjektivit\u00e4t in Pierre Bourdieus Theorie<\/p>\n\n\n\n<p><strong>2017 Masterarbeit<\/strong> Jakob Seitz: Theorien der Transsexualit\u00e4t<\/p>\n\n\n\n<p><strong>2017 Bachelorarbeit<\/strong> Anna Schellenberger: Just Here to Help<\/p>\n\n\n\n<p><strong>2016 Masterarbeit<\/strong> Tobias Zapf: G\u00fcter-Klassen&nbsp;und Stil-Milieus. Analyse, Vergleich und Synthese der Theorien von Bourdieu, Schulze und Vester et al. zur Strukturierung des sozialen Raums<\/p>\n\n\n\n<p><strong>2016 Bachelorarbeit<\/strong> Christianna Heidecker: Generationenwandel in ostdeutschen Betriebsr\u00e4ten. Eine Fallstudie<\/p>\n\n\n\n<p><strong>2015 Masterarbeit<\/strong> Leo Roepert: Zeit und Geschlechterverh\u00e4ltnis<\/p>\n\n\n\n<p><strong>2015 Bachelorarbeit<\/strong> Jasmin Jonda: Kunst als dynamisches Geschehen oder distinktive Praxis? Zwei Kunsttheorien in der Anwendung<\/p>\n\n\n\n<p><strong>2014 Masterarbeit<\/strong> Martha-Sophia Niedermeyer: Sport und Gender. Weibliche K\u00f6rperkonstruktion im Hochleistungssport<\/p>\n\n\n\n<p><strong>2014 Bachelorarbeit<\/strong> Clarissa Rohde: Wie vollzieht sich die Ausbildung eines beruflichen Habitus bei Lehrerinnen und Lehrern<\/p>\n\n\n\n<p><strong>2013 Masterarbeit<\/strong> Alexander Antony: Jazz-Impriovisation als Gegenstand der Soziologie? Methodologische Reflexion und Versuch der empirischern Rekonstruktion<\/p>\n\n\n\n<p><strong>2013 Bachelorarbeit<\/strong> Lisa-Maria Gl\u00fcck: Ambivalenzen weiblicher Transmigration am Beispiel philippinischer Care Worker in deutschen Privathaushalten<\/p>\n\n\n\n<p><strong>2012 Masterarbeit<\/strong> Nicolai Sch\u00f6n: Auswirkungen von studienbegleitenden Erwerbst\u00e4tigkeiten auf Studium und Berufseinstieg<\/p>\n\n\n\n<p><strong>2012 Bachelorarbeit<\/strong> Leo Roepert: Wie kommt g\u00fcltiges Wissen zustande? Ein Vergleich zwischen Karl Mannheims \u00b4Ideologie und Utopie` und der Kritischen Theorie von Theodor W. Adorno und Max Horkheimer<\/p>\n","protected":false},"excerpt":{"rendered":"<p>The IPRAS-Award is awarded to the best bachelor and master thesis as well as the best dissertation at the institute of sociology at FAU The institute of practical oriented social research (IPRAS) e. V. has been awarding prices to especially good qualification papers since 1995. The &#8220;IPRAS-Preis&#8221; has been awarded yearly to be best bachelor [&hellip;]<\/p>\n","protected":false},"author":4696,"featured_media":0,"parent":9049,"menu_order":70,"comment_status":"closed","ping_status":"closed","template":"page-templates\/page-subnav.php","meta":{"_rrze_cache":"enabled","_rrze_multilang_single_locale":"en_US","_rrze_multilang_single_source":"https:\/\/www.soziologie.phil.fau.de\/?page_id=4975","footnotes":""},"page_category":[],"page_tag":[],"workflow_usergroup":[],"class_list":["post-16206","page","type-page","status-publish","hentry","en-US"],"_links":{"self":[{"href":"https:\/\/www.soziologie.phil.fau.de\/wp-json\/wp\/v2\/pages\/16206","targetHints":{"allow":["GET"]}}],"collection":[{"href":"https:\/\/www.soziologie.phil.fau.de\/wp-json\/wp\/v2\/pages"}],"about":[{"href":"https:\/\/www.soziologie.phil.fau.de\/wp-json\/wp\/v2\/types\/page"}],"author":[{"embeddable":true,"href":"https:\/\/www.soziologie.phil.fau.de\/wp-json\/wp\/v2\/users\/4696"}],"replies":[{"embeddable":true,"href":"https:\/\/www.soziologie.phil.fau.de\/wp-json\/wp\/v2\/comments?post=16206"}],"version-history":[{"count":2,"href":"https:\/\/www.soziologie.phil.fau.de\/wp-json\/wp\/v2\/pages\/16206\/revisions"}],"predecessor-version":[{"id":16211,"href":"https:\/\/www.soziologie.phil.fau.de\/wp-json\/wp\/v2\/pages\/16206\/revisions\/16211"}],"up":[{"embeddable":true,"href":"https:\/\/www.soziologie.phil.fau.de\/wp-json\/wp\/v2\/pages\/9049"}],"wp:attachment":[{"href":"https:\/\/www.soziologie.phil.fau.de\/wp-json\/wp\/v2\/media?parent=16206"}],"wp:term":[{"taxonomy":"page_category","embeddable":true,"href":"https:\/\/www.soziologie.phil.fau.de\/wp-json\/wp\/v2\/page_category?post=16206"},{"taxonomy":"page_tag","embeddable":true,"href":"https:\/\/www.soziologie.phil.fau.de\/wp-json\/wp\/v2\/page_tag?post=16206"},{"taxonomy":"workflow_usergroup","embeddable":true,"href":"https:\/\/www.soziologie.phil.fau.de\/wp-json\/wp\/v2\/workflow_usergroup?post=16206"}],"curies":[{"name":"wp","href":"https:\/\/api.w.org\/{rel}","templated":true}]}}