{"id":17144,"date":"2025-12-15T11:24:00","date_gmt":"2025-12-15T10:24:00","guid":{"rendered":"https:\/\/www.soziologie.phil.fau.de\/?page_id=17144"},"modified":"2025-12-15T11:24:01","modified_gmt":"2025-12-15T10:24:01","slug":"ich-moechte-lieber-nicht-das-unbehagen-mit-der-organspende-und-die-praxis-der-kritik-eine-soziologische-und-ethische-analyse","status":"publish","type":"page","link":"https:\/\/www.soziologie.phil.fau.de\/en\/ich-moechte-lieber-nicht-das-unbehagen-mit-der-organspende-und-die-praxis-der-kritik-eine-soziologische-und-ethische-analyse\/","title":{"rendered":"&#8216;I would prefer not to&#8217; Organ donation between unease and criticism. A sociological and ethical analysis."},"content":{"rendered":"\n<h5 class=\"wp-block-heading\">Basic information:<\/h5>\n\n\n\n<ul class=\"wp-block-list\">\n<li><strong>Type:<\/strong> Drittmittelprojekt<\/li>\n\n\n\n<li><strong>Duration:<\/strong> 2014 &#8211; 2017<\/li>\n\n\n\n<li><strong>Funding<\/strong><strong>:<\/strong><a href=\"http:\/\/www.dfg.de\/\" target=\"_blank\" rel=\"noreferrer noopener\"> Deutsche Forschungsgemeinschaft (DFG)<\/a><\/li>\n<\/ul>\n\n\n\n<h5 class=\"wp-block-heading\">Description:<\/h5>\n\n\n\n<p>In Germany, post mortem organ transplantation not only depends on the explicit consent of the donor in an actual case, but is also subject to the acceptance amongst the general public. At the same time, among the German population there is a significant discrepancy between expressed positive attitudes towards organ donation and active willingness to donate one\u2019s organs after diagnosed brain death, for example documented by filling in a donor card. Thus, \u2018organ shortage\u2019 \u2013 the gap between transplantable organs and the number of patients on the waiting list for organ donation \u2013 is commonly reduced to a lack of willingness to donate. Thus, (new) legal regulations and public campaigns aim to increase the willingness to donate among the general public by providing information. Although campaigns present the attitude towards organ donation as being up to an individual decision, they seem to be biased as they only show moral arguments in favor of organ donation like altruism, responsibility, or social conformity. As the reluctance to donate is only seen as a factor to be overcome, in-depth studies on reasons for reluctance are missing. The project aims for a better understanding and differentiated characterization of those who are uncertain or reluctant regarding organ donation. We combine a sociological and ethical approach and ask what kinds of scepticism about organ donation are expressed and enacted as well as whether they represent morally consistent positions. We also focus on the conflict between the social marketing on organ donation and its addressees. We conduct interviews and focus groups with citizens concerning their potential involvement in post-mortem organ donation that also address, among other things, uncertainties, disappointments, fears and vulnerability (sociological subproject). Furthermore, we analyze various German poster and informational campaigns that were carried out in the last 20 years by using approaches of multimodality and visual studies. Here, it is of interest whether these campaigns maintain a both morally and politically consistent image or whether they produce morally relevant discrepancies (bioethical subproject). We assume that uncertainty and refusal may have \u2018good\u2019, albeit implicit or emotional reasons. By linking both subprojects, we expect both scientifically and socio-politically relevant results. Not only do we aim to receive new empirical insights on the social ambivalences of organ donation, but also, through the bioethical analysis of public moral encouragement and further development of socio-theoretical and normative approaches, to provide a contribution to the reflection of the social significance of transplantation medicine.<\/p>\n\n\n\n<figure class=\"wp-block-image aligncenter\"><a href=\"https:\/\/soziologie-phil.cms.rrze.uni-erlangen.de\/files\/2017\/12\/englische_uebersicht.png\"><div class=\"image-wrapper\"><img loading=\"lazy\" decoding=\"async\" src=\"https:\/\/soziologie-phil.cms.rrze.uni-erlangen.de\/files\/2017\/12\/englische_uebersicht.png\" alt=\"\" class=\"wp-image-1254 tall-image\" srcset=\"https:\/\/www.soziologie.phil.fau.de\/files\/2017\/12\/englische_uebersicht.png 721w, https:\/\/www.soziologie.phil.fau.de\/files\/2017\/12\/englische_uebersicht-300x250.png 300w, https:\/\/www.soziologie.phil.fau.de\/files\/2017\/12\/englische_uebersicht-180x150.png 180w, https:\/\/www.soziologie.phil.fau.de\/files\/2017\/12\/englische_uebersicht-177x147.png 177w, https:\/\/www.soziologie.phil.fau.de\/files\/2017\/12\/englische_uebersicht-132x110.png 132w, https:\/\/www.soziologie.phil.fau.de\/files\/2017\/12\/englische_uebersicht-240x200.png 240w, https:\/\/www.soziologie.phil.fau.de\/files\/2017\/12\/englische_uebersicht-565x470.png 565w, https:\/\/www.soziologie.phil.fau.de\/files\/2017\/12\/englische_uebersicht-145x120.png 145w\" \/><button class=\"image-fullscreen-btn\" onclick=\"openImageFullscreen('https:\/\/www.soziologie.phil.fau.de\/files\/2017\/12\/englische_uebersicht.png')\">\u26f6<\/button><\/div><\/a><\/figure>\n\n\n\n<h5 class=\"wp-block-heading\">People involved:<\/h5>\n\n\n\n<p><a href=\"\/team\/boehrer\">Annerose B\u00f6hrer, M.A.<\/a><\/p>\n\n\n\n<p><a href=\"\/team\/pfaller\">Dr. Larissa Pfaller<\/a><\/p>\n\n\n\n<p>Prof. Dr. Silke Schicktanz<\/p>\n\n\n\n<p>Dr. Solveig Lena Hansen<\/p>\n\n\n\n<p>Angelika Wunder<\/p>\n\n\n\n<p>Moritz Kuhles<\/p>\n\n\n\n<p>Christian Vogt<\/p>\n\n\n\n<p>Marion Enachescu<\/p>\n\n\n\n<h5 class=\"wp-block-heading\">Deliverables:<\/h5>\n\n\n<div class=\"wp-block-rrze-elements-collapsibles \"><div class=\"accordion\">\n<div class=\"wp-block-rrze-elements-collapse \"><div class=\"accordion-group \"><h2 class=\"accordion-heading\"><button class=\"accordion-toggle\" data-toggle=\"collapse\" data-name=\"panel_c6977019\" data-href=\"#panel_c6977019\" type=\"button\" aria-expanded=\"false\" aria-controls=\"panel_c6977019-section\" id=\"panel_c6977019\">Publications<\/button><\/h2><div id=\"panel_c6977019-section\" class=\"accordion-body \" aria-labelledby=\"panel_c6977019\" role=\"region\" name=\"panel_c6977019\"><div class=\"accordion-inner clearfix\">\n\n<ul class=\"wp-block-list\">\n<li><strong>Adloff, Frank \/ Pfaller, Larissa (2017):<\/strong> Critique in statu nascendi? The Reluctance towards Organ Donation. In: <em>Historical Social Research, special issue &#8220;Critique and Social Change: Historical, Cultural, and Institutional Perspectives<\/em>&#8220;, Volume 42, Issue 3, S. 24-40<\/li>\n\n\n\n<li><strong>Hansen, Solveig Lena \/ Eisner, Marthe Irene \/ Pfaller, Larissa \/ Schicktanz, Silke (2017):<\/strong> \u201cAre You In or Are You Out?!\u201d Moral Appeals to the Public in Organ Donation Poster Campaigns: A Multimodal and Ethical Analysis. In: <em>Health Communication<\/em>, <a href=\"https:\/\/doi.org\/10.1080\/10410236.2017.1331187\">DOI: 10.1080\/10410236.2017.1331187<\/a>.<\/li>\n\n\n\n<li><strong>Schicktanz, Silke \/ Pfaller, Larissa \/ Hansen, Solveig Lena \/ Boos, Moritz (2017):<\/strong> Attitudes towards brain death and conceptions of the body in relation to willingness or reluctance to donate: Results of a student survey before and after the German transplantation scandals and legal changes. In: <em>Journal of Public Health.<\/em> <a href=\"http:\/\/link.springer.com\/article\/10.1007\/s10389-017-0786-3\" target=\"_blank\" rel=\"noreferrer noopener\">Link<\/a><\/li>\n\n\n\n<li><strong>Schicktanz Silke \/\u00a0 W\u00f6hlke, Sabine (2017):<\/strong> The Utterable and Unutterable. Anthropological Meaning of the Body in the Context of Organ Transplantation.<em> Dilemata<\/em>, 9, 23, 107-127.<\/li>\n\n\n\n<li><strong>Schicktanz, Silke \/ W\u00f6hlke, Sabine (2017):<\/strong> Leben im Anderen. Vorstellungen zur Personalit\u00e4ts\u00fcbertragung zwischen kulturell Sagbarem und Unsagbarem. In:<em> H. Knoblauch et al. (Hg.): Transmortalit\u00e4t und Organspende<\/em>. Weinheim, 75-105.<\/li>\n\n\n\n<li><strong>Schicktanz, Silke \/ Pfaller, Larissa \/ Hansen, Solveig Lena (2016):<\/strong> Einstellungen zur Organspende. Kulturell tief verwurzelt. In: <em>Deutsches \u00c4rzteblatt<\/em>, 113 Jg., H. 37, S. A1586-A1588. <a href=\"https:\/\/www.aerzteblatt.de\/archiv\/182029\">Link<\/a><\/li>\n\n\n\n<li><strong>B\u00f6hrer, Annerose \/ Wunder, Angelika (2016):<\/strong> Ja? Nein? Vielleicht? Diskurs und Kritik der Organspende. In: <em>Diatra &#8211; Zeitschrift f\u00fcr Nephrologie, Transplantation und Diabetologie<\/em>, H. 4-2016, S. 48-50.<\/li>\n\n\n\n<li><strong>Hansen, Solveig Lena \/ Schicktanz, Silke (im Erscheinen):<\/strong> Bilder f\u00fcrs Leben: Versteckte moralische Botschaften als Reaktion auf die Krise der Organspende. In: <em>A. Esser et al. (Hg.): Die Krise der Organspende \u2013 Anspruch, Analyse und Kritik aktueller Aufkl\u00e4rungsbem\u00fchungen im Kontext der postmortalen Organspende in Deutschland<\/em>. Berlin.<\/li>\n<\/ul>\n\n<\/div><\/div><\/div><\/div>\n\n<div class=\"wp-block-rrze-elements-collapse \"><div class=\"accordion-group \"><h2 class=\"accordion-heading\"><button class=\"accordion-toggle\" data-toggle=\"collapse\" data-name=\"panel_4d89f4ef\" data-href=\"#panel_4d89f4ef\" type=\"button\" aria-expanded=\"false\" aria-controls=\"panel_4d89f4ef-section\" id=\"panel_4d89f4ef\">Workshops and Conferences<\/button><\/h2><div id=\"panel_4d89f4ef-section\" class=\"accordion-body \" aria-labelledby=\"panel_4d89f4ef\" role=\"region\" name=\"panel_4d89f4ef\"><div class=\"accordion-inner clearfix\">\n\n<ul class=\"wp-block-list\">\n<li><strong>Hansen, Solveig Lena:<\/strong> Reihe \u201eSituiertes Wissen \u2013 Theorie, Methodologie, Empirie\u201c. <em>Workshop: \u201eForschen im und \u00fcber das Netz\u201c,<\/em> mit Dr. Christoph Bareither (T\u00fcbingen): online.feld.forschen. Ethnografische Analysen durch das Medium Internet. 23.\/24.01.2017, G\u00f6ttingen.<\/li>\n\n\n\n<li><strong>Adloff, Frank \/ Pfaller, Larissa \/\u00a0 Schicktanz, Silke \/ Hansen, Solveig Lena:<\/strong> \u201eJa? Nein? Vielleicht? Diskurs und Kritik der Organspende\u201c.<em> Interdisziplin\u00e4re Abschlusstagung<\/em>, 18.-19.07.2016, Erlangen.\u00a0<a href=\"\/files\/2017\/12\/programm_ja_nein_vielleicht_0.pdf\">Download Programm<\/a>, <a href=\"\/files\/2017\/12\/poster_ja_nein_vielleicht_0.pdf\">Download Poster<\/a>, <a href=\"https:\/\/www.video.uni-erlangen.de\/course\/id\/485.html\" target=\"_blank\" rel=\"noopener\">Link Videoaufzeichnung<\/a><\/li>\n\n\n\n<li><strong>Adloff, Frank \/ Pfaller, Larissa \/\u00a0 Schicktanz, Silke \/ Hansen, Solveig Lena:<\/strong> Podiumsdiskussion \u201eOrganspende zwischen Aufkl\u00e4rung und Reklame \u2013 Ein Gespr\u00e4ch \u00fcber Kampagnen, Medien und Kritik\u201c, Moderation: S. Schicktanz, 18.07.2016, Erlangen.\u00a0<a href=\"\/files\/2017\/12\/poster_podiumsdiskussion_organspende_0.pdf\">Download Poster<\/a><\/li>\n\n\n\n<li><strong>Hansen, Solveig Lena:<\/strong> Reihe \u201eSituiertes Wissen \u2013 Theorie, Methodologie, Empirie\u201c. <em>Workshop: \u201eAnalysen visueller Narrative in der Geschlechterforschung &#8211; praktische Anwendung und theoretische Reflexion?\u201c<\/em> mit Prof. Dr. Elke Grittmann (L\u00fcneburg), 30.6.\/1.7.2016, G\u00f6ttingen.<\/li>\n\n\n\n<li><strong>Hansen, Solveig Lena \/ Schicktanz, Silke:<\/strong> \u2018TO WHOM IT MAY CONCERN\u2026\u2019 Methodological and Ethical Perspectives of Visual Health Communication.<em> International Workshop,<\/em> 07.10.2015, G\u00f6ttingen.\u00a0<a href=\"\/files\/2017\/12\/to_whom_it_may_concern_flyer.pdf\">Download Flyer<\/a><\/li>\n\n\n\n<li><strong>Pfaller, Larissa \/ Hansen, Solveig Lena:<\/strong> \u201eDie Kritik an der Organspende&#8221;, 31.03.2015, Erlangen.\u00a0<a href=\"\/files\/2017\/12\/die_kritik_an_der_organspende.pdf\">Download<\/a><\/li>\n\n\n\n<li><strong>Schicktanz, Silke \/ Pfaller Larissa:<\/strong> \u201eFrauen geben, M\u00e4nner nehmen?\u201c Genderaspekte in der Organtransplantation \u2013 empirische, theoretische und normative Fragen.<em> Gef\u00f6rdert durch das B\u00fcro f\u00fcr Gender und Diversity der FAU \u2013\u00a0 \u201eF\u00f6rderung der Chancengleichheit f\u00fcr Frauen in Forschung und Lehre\u201c (FFL)<\/em>, 31.01.2014, Erlangen.<\/li>\n<\/ul>\n\n<\/div><\/div><\/div><\/div>\n\n<div class=\"wp-block-rrze-elements-collapse \"><div class=\"accordion-group \"><h2 class=\"accordion-heading\"><button class=\"accordion-toggle\" data-toggle=\"collapse\" data-name=\"panel_93240d80\" data-href=\"#panel_93240d80\" type=\"button\" aria-expanded=\"false\" aria-controls=\"panel_93240d80-section\" id=\"panel_93240d80\">Presentations<\/button><\/h2><div id=\"panel_93240d80-section\" class=\"accordion-body \" aria-labelledby=\"panel_93240d80\" role=\"region\" name=\"panel_93240d80\"><div class=\"accordion-inner clearfix\">\n\n<ul class=\"wp-block-list\">\n<li><strong>Hansen, Solveig Lena \/ B\u00f6hrer, Annerose (2016):<\/strong> Organtransplantation in Deutschland. Ein \u00dcberblick \u00fcber Kampagnen, ihre Wirkweisen und ethische Relevanz. <em>IPPNW-Studierendentreffen<\/em>, 12.11.2016, Hannover.<\/li>\n\n\n\n<li><strong>Hansen, Solveig Lena \/ Pfaller, Larissa (2016):<\/strong> \u201cAls w\u00e4re es v\u00f6llig normal oder einfach\u201c \u2013 Wirkmechanismen moralischer Botschaften deutscher Organspende-Kampagnen. <em>In: 25. Jahrestagung der Deutschen Transplantationsgesellschaft<\/em>, 05.-08.10.2016, Essen.<\/li>\n\n\n\n<li><strong>Schicktanz, Silke \/ Pfaller, Larissa \/ Hansen, Solveig Lena (2016):<\/strong> Ergebnisse einer quantitativen Umfrage unter G\u00f6ttinger Studierenden vor und nach den Skandalen: Der Einfluss von K\u00f6rperkonzepten und Einstellungen zum Hirntod auf die Spendebereitschaft. <em>In: 25. Jahrestagung der Deutschen Transplantationsgesellschaft,<\/em> 05.-08.10.2016, Essen.<\/li>\n\n\n\n<li><strong>B\u00f6hrer, Annerose \/ Pfaller, Larissa (2016):<\/strong> \u201eF\u00fcr mich ist es fast eine Grenz\u00fcberschreitung\u201c. Zum Unbehagen mit der Organspende. In:<em> Geschlossene Gesellschaften &#8211; 38. Kongress der Deutschen Gesellschaft f\u00fcr Soziologie<\/em>, 26.-30.09.2016, Bamberg.<\/li>\n\n\n\n<li><strong>Hansen, Solveig Lena \/ Schicktanz, Silke \/ Pfaller, Larissa (2016):<\/strong> Zwischen Information und Bef\u00fcrwortung Ethische Aspekte \u00f6ffentlicher Gesundheitskommunikation am Beispiel der Organtransplantation (Poster-Pr\u00e4sentation). In:<em> Jahrestagung der Akademie f\u00fcr Ethik in der Medizin<\/em>, 22.-24.09.2016, Bielefeld.<\/li>\n\n\n\n<li><strong>B\u00f6hrer, Annerose (2016):<\/strong> Materielle Kultur medizinischer Netzwerke am Beispiel Organspende, In: <em>FIW Summer School 2016, Bridging the Gap: Soziologische Theorie und empirische Forschung<\/em>, 06.-09.09.2016, Bonn.<\/li>\n\n\n\n<li><strong>Pfaller, Larissa \/ Hansen, Solveig Lena (2016):<\/strong> Warum das Nein zur Organspende so schwer f\u00e4llt. In: <em>Ja? Nein? Vielleicht? Diskurs und Kritik der Organspende<\/em>. 18.-19.07.2016, Erlangen.\u00a0<a href=\"https:\/\/www.video.uni-erlangen.de\/course\/id\/485.html\" target=\"_blank\" rel=\"noopener\">Link Videoaufzeichnung<\/a><\/li>\n\n\n\n<li><strong>B\u00f6hrer, Annerose (2016):<\/strong> &#8220;Mein Ausweis, meine Entscheidung&#8221;? \u2013 Eine objektsoziologische Spurensuche im Organspendediskurs (Posterpr\u00e4sentation), In: <em>Ja? Nein? Vielleicht? Diskurs und Kritik der Organspende<\/em>, 18.-19.07.2016, Erlangen.<\/li>\n\n\n\n<li><strong>Wunder, Angelika (2016):<\/strong> Wem m\u00f6chte ich meine Organe spenden? (Posterpr\u00e4sentation), In: <em>Ja? Nein? Vielleicht? Diskurs und Kritik der Organspende<\/em>, 18.-19.07.2016, Erlangen.\u00a0<a href=\"https:\/\/www.video.uni-erlangen.de\/course\/id\/485.html\" target=\"_blank\" rel=\"noopener\">Link Videoaufzeichnung<\/a><\/li>\n\n\n\n<li><strong>Hansen, Solveig, Lena \/ Schicktanz, Silke (2016):<\/strong> Face-to-face?! Zur moralischen Relevanz und sozialen Funktion visueller Botschaften in der Transplantationsmedizin, In: <em>Nach der Hybridit\u00e4t. Medien und Politiken der Transplantationen<\/em>, 23.-25.06.2016, Gie\u00dfen.<\/li>\n\n\n\n<li><strong>Hansen, Solveig, Lena \/ Schicktanz, Silke (2016):<\/strong> No space for rejection?! The moral relevance of campaigns in the discourse of organ transplantation (Posterpr\u00e4sentation), In: <em>World Congress of Bioethics<\/em>, 14.-17.06.2016, Edinburgh.<\/li>\n\n\n\n<li><strong>Schicktanz, Silke \/ Hansen, Solveig Lena (2016):<\/strong> A critical reflection on moral claims and invocations of public campaigns for organ donation \u2013 Discrepancies, potential conflicts, and practical limitations, In: <em>Workshop ELPAT-Working Group: \u201cPublic Issues\u201d,<\/em> 06.-08.05.2016, Granada.<\/li>\n\n\n\n<li><strong>Hansen, Solveig Lena \/ Pfaller, Larissa (2016):<\/strong> Depicting Moral Messages \u2013 an Analysis of German Poster Campaigns on Organ Transplantation. In: <em>4th ELPAT Congress. Ethical, Legal and Psychological Aspects of Transplantation<\/em>. Global Challenges, 22.-25.04.2016, Rom.<\/li>\n\n\n\n<li><strong>Pfaller, Larissa \/ Schicktanz, Silke \/ Hansen, Solveig Lena (2016):<\/strong> Increased Organ Donation Willingness after German Transplantation Scandals. The Influence of public Attitudes towards Brain-death and Concepts of the Body. In:<em> 4th ELPAT Congress. Ethical, Legal and Psychological Aspects of Transplantation. Global Challenges,<\/em> 22.-25.04.2016, Rom.<\/li>\n\n\n\n<li><strong>Pfaller, Larissa \/ Hansen, Solveig Lena (2016):<\/strong> Rejecting Organ Donation \u2013 A Typology of Reluctance (Poster-Pr\u00e4sentation). In:<em> 4th ELPAT Congress. Ethical, Legal and Psychological Aspects of Transplantation. Global Challenges<\/em>, 22.-25.04.2016, Rom.<\/li>\n\n\n\n<li><strong>Schicktanz, Silke (2015):<\/strong> Moralische Appelle, Kampagnen und \u00f6ffentliche Information zur Organspende: eine kritische Zwischenstandsanalyse, In: <em>27. Medizin-Theologie-Symposium der Evangelischen Akademie Tutzing: \u201e&#8230;als w\u00e4r`s ein Teil von mir&#8230;\u201c Zur Debatte um Hirntod, Organspende und Transplantation<\/em>, 27.\u201329.11.2015, Rothenburg.<\/li>\n\n\n\n<li><strong>Hansen, Solveig Lena (2015):<\/strong> Pictures for Life. Analyzing the Moral Iconography of the German Organ Transplantation Foundation, In:<em> International Workshop: \u2018TO WHOM IT MAY CONCERN\u2026\u2019 Methodological and Ethical Perspectives of Visual Health Communication<\/em>. Department of Medical Ethics and the History of Medicine, 07.10.2015, G\u00f6ttingen.<\/li>\n\n\n\n<li><strong>Pfaller, Larissa \/ Hansen, Solveig Lena (2015):<\/strong> Projektvorstellung: \u201eIch m\u00f6chte lieber nicht\u201c, Workshop: <em>Die Kritik an der Organspende<\/em>, 31.03.2015, Erlangen.<\/li>\n\n\n\n<li><strong>Hansen, Solveig Lena \/ Pfaller, Larissa (2015):<\/strong> Soziologische und ethische Fragen an das Unbehagen mit der Organspende: Ein interdisziplin\u00e4res Projekt zur Praxis der Kritik. In: <em>\u201eOrganspende und Transmortalit\u00e4t: Die Perspektive der Medical Humanities\u201c,<\/em> 20.03.2015, Aachen.<\/li>\n\n\n\n<li><strong>Schicktanz, Silke (2015):<\/strong> Finanzielle Anreize f\u00fcr die Organspende? Empirisch-ethische \u00dcberlegungen, Institut f\u00fcr Psychosomatik,<em> Kolloquium<\/em>, 12.01.2015, Charit\u00e9 Berlin.<\/li>\n\n\n\n<li><strong>Schicktanz, Silke (2014):<\/strong> Why giving organs? Empirical and ethical insights on altruism, incentives, and reciprocity,<em> Bioethik-Kolloquium<\/em>, 16.12.2014, Universit\u00e4tsmedizin Innsbruck.<\/li>\n<\/ul>\n\n<\/div><\/div><\/div><\/div>\n\n<div class=\"wp-block-rrze-elements-collapse \"><div class=\"accordion-group \"><h2 class=\"accordion-heading\"><button class=\"accordion-toggle\" data-toggle=\"collapse\" data-name=\"panel_0616aff0\" data-href=\"#panel_0616aff0\" type=\"button\" aria-expanded=\"false\" aria-controls=\"panel_0616aff0-section\" id=\"panel_0616aff0\">Press<\/button><\/h2><div id=\"panel_0616aff0-section\" class=\"accordion-body \" aria-labelledby=\"panel_0616aff0\" role=\"region\" name=\"panel_0616aff0\"><div class=\"accordion-inner clearfix\">\n\n<ul class=\"wp-block-list\">\n<li><a href=\"https:\/\/www.fau.de\/2016\/07\/news\/wissenschaft\/organspende-ja-nein-vielleicht\/\" target=\"_blank\" rel=\"noopener\">Pressemitteilung der FAU<\/a><\/li>\n\n\n\n<li>&#8220;Muss sich sch\u00e4men, wer seine Niere nicht hergeben will?&#8221; &#8211; <a href=\"http:\/\/www.zeit.de\/2016\/33\/organspende-deutschland-pro-contra\/komplettansicht\" target=\"_blank\" rel=\"noopener\">Zeit Online<\/a>, 05.August 2016<\/li>\n<\/ul>\n\n<\/div><\/div><\/div><\/div>\n<\/div><\/div>","protected":false},"excerpt":{"rendered":"<p>Basic information: Description: In Germany, post mortem organ transplantation not only depends on the explicit consent of the donor in an actual case, but is also subject to the acceptance amongst the general public. At the same time, among the German population there is a significant discrepancy between expressed positive attitudes towards organ donation and [&hellip;]<\/p>\n","protected":false},"author":4696,"featured_media":0,"parent":0,"menu_order":0,"comment_status":"closed","ping_status":"closed","template":"","meta":{"_rrze_cache":"enabled","_rrze_multilang_single_locale":"en_US","_rrze_multilang_single_source":"https:\/\/soziologie-phil.cms.rrze.uni-erlangen.de\/?page_id=1242","footnotes":""},"page_category":[98],"page_tag":[],"workflow_usergroup":[],"class_list":["post-17144","page","type-page","status-publish","hentry","page_category-general","en-US"],"_links":{"self":[{"href":"https:\/\/www.soziologie.phil.fau.de\/wp-json\/wp\/v2\/pages\/17144","targetHints":{"allow":["GET"]}}],"collection":[{"href":"https:\/\/www.soziologie.phil.fau.de\/wp-json\/wp\/v2\/pages"}],"about":[{"href":"https:\/\/www.soziologie.phil.fau.de\/wp-json\/wp\/v2\/types\/page"}],"author":[{"embeddable":true,"href":"https:\/\/www.soziologie.phil.fau.de\/wp-json\/wp\/v2\/users\/4696"}],"replies":[{"embeddable":true,"href":"https:\/\/www.soziologie.phil.fau.de\/wp-json\/wp\/v2\/comments?post=17144"}],"version-history":[{"count":1,"href":"https:\/\/www.soziologie.phil.fau.de\/wp-json\/wp\/v2\/pages\/17144\/revisions"}],"predecessor-version":[{"id":17146,"href":"https:\/\/www.soziologie.phil.fau.de\/wp-json\/wp\/v2\/pages\/17144\/revisions\/17146"}],"wp:attachment":[{"href":"https:\/\/www.soziologie.phil.fau.de\/wp-json\/wp\/v2\/media?parent=17144"}],"wp:term":[{"taxonomy":"page_category","embeddable":true,"href":"https:\/\/www.soziologie.phil.fau.de\/wp-json\/wp\/v2\/page_category?post=17144"},{"taxonomy":"page_tag","embeddable":true,"href":"https:\/\/www.soziologie.phil.fau.de\/wp-json\/wp\/v2\/page_tag?post=17144"},{"taxonomy":"workflow_usergroup","embeddable":true,"href":"https:\/\/www.soziologie.phil.fau.de\/wp-json\/wp\/v2\/workflow_usergroup?post=17144"}],"curies":[{"name":"wp","href":"https:\/\/api.w.org\/{rel}","templated":true}]}}